{"id":465,"date":"2022-03-23T15:07:35","date_gmt":"2022-03-23T15:07:35","guid":{"rendered":"https:\/\/batimetria.com.co\/?page_id=465"},"modified":"2022-03-25T16:18:05","modified_gmt":"2022-03-25T16:18:05","slug":"hardware-de-captura-batimetrica","status":"publish","type":"page","link":"https:\/\/batimetria.com.co\/index.php\/hardware-de-captura-batimetrica\/","title":{"rendered":"Hardware de captura batim\u00e9trica"},"content":{"rendered":"<style>.elementor-465 .elementor-element.elementor-element-6a7bc245:not(.elementor-motion-effects-element-type-background), .elementor-465 .elementor-element.elementor-element-6a7bc245 > .elementor-motion-effects-container > .elementor-motion-effects-layer{background-image:url(\"https:\/\/batimetria.com.co\/wp-content\/uploads\/2022\/03\/energy-ecological-concept-95JJN5C.jpg\");background-position:0px 28%;background-repeat:no-repeat;background-size:cover;}.elementor-465 .elementor-element.elementor-element-6a7bc245 > .elementor-background-overlay{background-color:#181C28;opacity:0.9;transition:background 0.3s, border-radius 0.3s, opacity 0.3s;}.elementor-465 .elementor-element.elementor-element-6a7bc245 > .elementor-container{max-width:1170px;}.elementor-465 .elementor-element.elementor-element-6a7bc245{transition:background 0.3s, border 0.3s, border-radius 0.3s, box-shadow 0.3s;padding:200px 0px 140px 0px;z-index:0;overflow:visible;}.elementor-465 .elementor-element.elementor-element-3bf7ea77{text-align:center;}.elementor-465 .elementor-element.elementor-element-3bf7ea77 .elementor-heading-title{font-family:var( --e-global-typography-secondary-font-family ), Sans-serif;font-size:var( --e-global-typography-secondary-font-size );font-weight:var( --e-global-typography-secondary-font-weight );text-transform:var( --e-global-typography-secondary-text-transform );line-height:var( --e-global-typography-secondary-line-height );color:#FFFFFF;}.elementor-465 .elementor-element.elementor-element-143fefa4 > .elementor-widget-container{margin:-5px 0px 0px 0px;}.elementor-465 .elementor-element.elementor-element-143fefa4 .elementor-icon-list-items:not(.elementor-inline-items) .elementor-icon-list-item:not(:last-child){padding-block-end:calc(5px\/2);}.elementor-465 .elementor-element.elementor-element-143fefa4 .elementor-icon-list-items:not(.elementor-inline-items) .elementor-icon-list-item:not(:first-child){margin-block-start:calc(5px\/2);}.elementor-465 .elementor-element.elementor-element-143fefa4 .elementor-icon-list-items.elementor-inline-items .elementor-icon-list-item{margin-inline:calc(5px\/2);}.elementor-465 .elementor-element.elementor-element-143fefa4 .elementor-icon-list-items.elementor-inline-items{margin-inline:calc(-5px\/2);}.elementor-465 .elementor-element.elementor-element-143fefa4 .elementor-icon-list-items.elementor-inline-items .elementor-icon-list-item:after{inset-inline-end:calc(-5px\/2);}.elementor-465 .elementor-element.elementor-element-143fefa4 .elementor-icon-list-icon i{color:var( --e-global-color-accent );transition:color 0.3s;}.elementor-465 .elementor-element.elementor-element-143fefa4 .elementor-icon-list-icon svg{fill:var( --e-global-color-accent );transition:fill 0.3s;}.elementor-465 .elementor-element.elementor-element-143fefa4{--e-icon-list-icon-size:14px;--icon-vertical-offset:0px;}.elementor-465 .elementor-element.elementor-element-143fefa4 .elementor-icon-list-item > .elementor-icon-list-text, .elementor-465 .elementor-element.elementor-element-143fefa4 .elementor-icon-list-item > a{font-family:var( --e-global-typography-text-font-family ), Sans-serif;font-size:var( --e-global-typography-text-font-size );font-weight:var( --e-global-typography-text-font-weight );text-transform:var( --e-global-typography-text-text-transform );line-height:var( --e-global-typography-text-line-height );}.elementor-465 .elementor-element.elementor-element-143fefa4 .elementor-icon-list-text{color:#FFFFFF;transition:color 0.3s;}.elementor-465 .elementor-element.elementor-element-7f961e32{margin-top:50px;margin-bottom:0px;overflow:visible;}.elementor-465 .elementor-element.elementor-element-251048c8{overflow:visible;}.elementor-465 .elementor-element.elementor-element-3bc53b4e > .elementor-element-populated{padding:0px 20px 0px 0px;}.elementor-465 .elementor-element.elementor-element-695a4aef .elementor-icon-list-items:not(.elementor-inline-items) .elementor-icon-list-item:not(:last-child){padding-block-end:calc(12px\/2);}.elementor-465 .elementor-element.elementor-element-695a4aef .elementor-icon-list-items:not(.elementor-inline-items) .elementor-icon-list-item:not(:first-child){margin-block-start:calc(12px\/2);}.elementor-465 .elementor-element.elementor-element-695a4aef .elementor-icon-list-items.elementor-inline-items .elementor-icon-list-item{margin-inline:calc(12px\/2);}.elementor-465 .elementor-element.elementor-element-695a4aef .elementor-icon-list-items.elementor-inline-items{margin-inline:calc(-12px\/2);}.elementor-465 .elementor-element.elementor-element-695a4aef .elementor-icon-list-items.elementor-inline-items .elementor-icon-list-item:after{inset-inline-end:calc(-12px\/2);}.elementor-465 .elementor-element.elementor-element-695a4aef .elementor-icon-list-icon i{transition:color 0.3s;}.elementor-465 .elementor-element.elementor-element-695a4aef .elementor-icon-list-icon svg{transition:fill 0.3s;}.elementor-465 .elementor-element.elementor-element-695a4aef{--e-icon-list-icon-size:14px;--icon-vertical-offset:0px;}.elementor-465 .elementor-element.elementor-element-695a4aef .elementor-icon-list-text{transition:color 0.3s;}.elementor-465 .elementor-element.elementor-element-291b22f0 > .elementor-element-populated{padding:0px 0px 0px 20px;}.elementor-465 .elementor-element.elementor-element-49b32741 .elementor-icon-list-items:not(.elementor-inline-items) .elementor-icon-list-item:not(:last-child){padding-block-end:calc(12px\/2);}.elementor-465 .elementor-element.elementor-element-49b32741 .elementor-icon-list-items:not(.elementor-inline-items) .elementor-icon-list-item:not(:first-child){margin-block-start:calc(12px\/2);}.elementor-465 .elementor-element.elementor-element-49b32741 .elementor-icon-list-items.elementor-inline-items .elementor-icon-list-item{margin-inline:calc(12px\/2);}.elementor-465 .elementor-element.elementor-element-49b32741 .elementor-icon-list-items.elementor-inline-items{margin-inline:calc(-12px\/2);}.elementor-465 .elementor-element.elementor-element-49b32741 .elementor-icon-list-items.elementor-inline-items .elementor-icon-list-item:after{inset-inline-end:calc(-12px\/2);}.elementor-465 .elementor-element.elementor-element-49b32741 .elementor-icon-list-icon i{transition:color 0.3s;}.elementor-465 .elementor-element.elementor-element-49b32741 .elementor-icon-list-icon svg{transition:fill 0.3s;}.elementor-465 .elementor-element.elementor-element-49b32741{--e-icon-list-icon-size:14px;--icon-vertical-offset:0px;}.elementor-465 .elementor-element.elementor-element-49b32741 .elementor-icon-list-text{transition:color 0.3s;}@media(max-width:1024px){.elementor-465 .elementor-element.elementor-element-6a7bc245:not(.elementor-motion-effects-element-type-background), .elementor-465 .elementor-element.elementor-element-6a7bc245 > .elementor-motion-effects-container > .elementor-motion-effects-layer{background-position:center center;}.elementor-465 .elementor-element.elementor-element-6a7bc245{margin-top:0px;margin-bottom:0px;padding:210px 0px 140px 0px;}.elementor-465 .elementor-element.elementor-element-3bf7ea77 .elementor-heading-title{font-size:var( --e-global-typography-secondary-font-size );line-height:var( --e-global-typography-secondary-line-height );}.elementor-465 .elementor-element.elementor-element-143fefa4 .elementor-icon-list-item > .elementor-icon-list-text, .elementor-465 .elementor-element.elementor-element-143fefa4 .elementor-icon-list-item > a{font-size:var( --e-global-typography-text-font-size );line-height:var( --e-global-typography-text-line-height );}}@media(max-width:767px){.elementor-465 .elementor-element.elementor-element-6a7bc245{margin-top:0px;margin-bottom:0px;padding:152px 10px 30px 10px;}.elementor-465 .elementor-element.elementor-element-3bf7ea77 .elementor-heading-title{font-size:var( --e-global-typography-secondary-font-size );line-height:var( --e-global-typography-secondary-line-height );}.elementor-465 .elementor-element.elementor-element-143fefa4 .elementor-icon-list-item > .elementor-icon-list-text, .elementor-465 .elementor-element.elementor-element-143fefa4 .elementor-icon-list-item > a{font-size:var( --e-global-typography-text-font-size );line-height:var( --e-global-typography-text-line-height );}.elementor-465 .elementor-element.elementor-element-3bc53b4e > .elementor-element-populated{padding:0px 0px 0px 0px;}.elementor-465 .elementor-element.elementor-element-291b22f0 > .elementor-element-populated{padding:14px 0px 0px 0px;}}<\/style>\t\t<div data-elementor-type=\"wp-page\" data-elementor-id=\"465\" class=\"elementor elementor-465\">\n\t\t\t\t\t\t<section class=\"elementor-section elementor-top-section elementor-element elementor-element-6a7bc245 elementor-section-boxed elementor-section-height-default elementor-section-height-default\" data-id=\"6a7bc245\" data-element_type=\"section\" data-settings=\"{&quot;background_background&quot;:&quot;classic&quot;,&quot;ekit_has_onepagescroll_dot&quot;:&quot;yes&quot;}\">\n\t\t\t\t\t\t\t<div class=\"elementor-background-overlay\"><\/div>\n\t\t\t\t\t\t\t<div class=\"elementor-container elementor-column-gap-default\">\n\t\t\t\t\t<div class=\"elementor-column elementor-col-100 elementor-top-column elementor-element elementor-element-4bc7358e\" data-id=\"4bc7358e\" data-element_type=\"column\">\n\t\t\t<div class=\"elementor-widget-wrap elementor-element-populated\">\n\t\t\t\t\t\t<div class=\"elementor-element elementor-element-3bf7ea77 elementor-widget elementor-widget-heading\" data-id=\"3bf7ea77\" data-element_type=\"widget\" data-settings=\"{&quot;ekit_we_effect_on&quot;:&quot;none&quot;}\" data-widget_type=\"heading.default\">\n\t\t\t\t<div class=\"elementor-widget-container\">\n\t\t\t\t\t<h2 class=\"elementor-heading-title elementor-size-default\">Hardware de captura batim\u00e9trica<\/h2>\t\t\t\t<\/div>\n\t\t\t\t<\/div>\n\t\t\t\t<div class=\"elementor-element elementor-element-143fefa4 elementor-icon-list--layout-inline elementor-align-center elementor-list-item-link-full_width elementor-widget elementor-widget-icon-list\" data-id=\"143fefa4\" data-element_type=\"widget\" data-settings=\"{&quot;ekit_we_effect_on&quot;:&quot;none&quot;}\" data-widget_type=\"icon-list.default\">\n\t\t\t\t<div class=\"elementor-widget-container\">\n\t\t\t\t\t\t\t<ul class=\"elementor-icon-list-items elementor-inline-items\">\n\t\t\t\t\t\t\t<li class=\"elementor-icon-list-item elementor-inline-item\">\n\t\t\t\t\t\t\t\t\t\t<span class=\"elementor-icon-list-text\">Home<\/span>\n\t\t\t\t\t\t\t\t\t<\/li>\n\t\t\t\t\t\t\t\t<li class=\"elementor-icon-list-item elementor-inline-item\">\n\t\t\t\t\t\t\t\t\t\t\t<span class=\"elementor-icon-list-icon\">\n\t\t\t\t\t\t\t<i aria-hidden=\"true\" class=\"fas fa-chevron-right\"><\/i>\t\t\t\t\t\t<\/span>\n\t\t\t\t\t\t\t\t\t\t<span class=\"elementor-icon-list-text\">Equipos<\/span>\n\t\t\t\t\t\t\t\t\t<\/li>\n\t\t\t\t\t\t<\/ul>\n\t\t\t\t\t\t<\/div>\n\t\t\t\t<\/div>\n\t\t\t\t\t<\/div>\n\t\t<\/div>\n\t\t\t\t\t<\/div>\n\t\t<\/section>\n\t\t\t\t<section class=\"elementor-section elementor-top-section elementor-element elementor-element-7f961e32 elementor-section-boxed elementor-section-height-default elementor-section-height-default\" data-id=\"7f961e32\" data-element_type=\"section\" data-settings=\"{&quot;ekit_has_onepagescroll_dot&quot;:&quot;yes&quot;}\">\n\t\t\t\t\t\t<div class=\"elementor-container elementor-column-gap-default\">\n\t\t\t\t\t<div class=\"elementor-column elementor-col-100 elementor-top-column elementor-element elementor-element-19eed907\" data-id=\"19eed907\" data-element_type=\"column\">\n\t\t\t<div class=\"elementor-widget-wrap elementor-element-populated\">\n\t\t\t\t\t\t<div class=\"elementor-element elementor-element-26d19cb9 elementor-widget elementor-widget-heading\" data-id=\"26d19cb9\" data-element_type=\"widget\" data-settings=\"{&quot;ekit_we_effect_on&quot;:&quot;none&quot;}\" data-widget_type=\"heading.default\">\n\t\t\t\t<div class=\"elementor-widget-container\">\n\t\t\t\t\t<h2 class=\"elementor-heading-title elementor-size-default\">Hardware de captura batim\u00e9trica<\/h2>\t\t\t\t<\/div>\n\t\t\t\t<\/div>\n\t\t\t\t<section class=\"elementor-section elementor-inner-section elementor-element elementor-element-251048c8 elementor-section-boxed elementor-section-height-default elementor-section-height-default\" data-id=\"251048c8\" data-element_type=\"section\" data-settings=\"{&quot;ekit_has_onepagescroll_dot&quot;:&quot;yes&quot;}\">\n\t\t\t\t\t\t<div class=\"elementor-container elementor-column-gap-default\">\n\t\t\t\t\t<div class=\"elementor-column elementor-col-50 elementor-inner-column elementor-element elementor-element-3bc53b4e\" data-id=\"3bc53b4e\" data-element_type=\"column\">\n\t\t\t<div class=\"elementor-widget-wrap elementor-element-populated\">\n\t\t\t\t\t\t<div class=\"elementor-element elementor-element-695a4aef elementor-icon-list--layout-traditional elementor-list-item-link-full_width elementor-widget elementor-widget-icon-list\" data-id=\"695a4aef\" data-element_type=\"widget\" data-settings=\"{&quot;ekit_we_effect_on&quot;:&quot;none&quot;}\" data-widget_type=\"icon-list.default\">\n\t\t\t\t<div class=\"elementor-widget-container\">\n\t\t\t\t\t\t\t<ul class=\"elementor-icon-list-items\">\n\t\t\t\t\t\t\t<li class=\"elementor-icon-list-item\">\n\t\t\t\t\t\t\t\t\t\t\t<span class=\"elementor-icon-list-icon\">\n\t\t\t\t\t\t\t<i aria-hidden=\"true\" class=\"fas fa-check\"><\/i>\t\t\t\t\t\t<\/span>\n\t\t\t\t\t\t\t\t\t\t<span class=\"elementor-icon-list-text\">Ecosonda multihaz Teledyne RESON, Seabat 7125 <\/span>\n\t\t\t\t\t\t\t\t\t<\/li>\n\t\t\t\t\t\t\t\t<li class=\"elementor-icon-list-item\">\n\t\t\t\t\t\t\t\t\t\t\t<span class=\"elementor-icon-list-icon\">\n\t\t\t\t\t\t\t<i aria-hidden=\"true\" class=\"fas fa-check\"><\/i>\t\t\t\t\t\t<\/span>\n\t\t\t\t\t\t\t\t\t\t<span class=\"elementor-icon-list-text\">Ecosonda multihaz Norbit WBMS<\/span>\n\t\t\t\t\t\t\t\t\t<\/li>\n\t\t\t\t\t\t\t\t<li class=\"elementor-icon-list-item\">\n\t\t\t\t\t\t\t\t\t\t\t<span class=\"elementor-icon-list-icon\">\n\t\t\t\t\t\t\t<i aria-hidden=\"true\" class=\"fas fa-check\"><\/i>\t\t\t\t\t\t<\/span>\n\t\t\t\t\t\t\t\t\t\t<span class=\"elementor-icon-list-text\">Cuatro sistemas de posicionamiento y correcci\u00f3n de movimientos inerciales Applanix POS MV Wavemaster<\/span>\n\t\t\t\t\t\t\t\t\t<\/li>\n\t\t\t\t\t\t\t\t<li class=\"elementor-icon-list-item\">\n\t\t\t\t\t\t\t\t\t\t\t<span class=\"elementor-icon-list-icon\">\n\t\t\t\t\t\t\t<i aria-hidden=\"true\" class=\"fas fa-check\"><\/i>\t\t\t\t\t\t<\/span>\n\t\t\t\t\t\t\t\t\t\t<span class=\"elementor-icon-list-text\">Perfilador de velocidad del sonido AML MINOS SVP<\/span>\n\t\t\t\t\t\t\t\t\t<\/li>\n\t\t\t\t\t\t\t\t<li class=\"elementor-icon-list-item\">\n\t\t\t\t\t\t\t\t\t\t\t<span class=\"elementor-icon-list-icon\">\n\t\t\t\t\t\t\t<i aria-hidden=\"true\" class=\"fas fa-check\"><\/i>\t\t\t\t\t\t<\/span>\n\t\t\t\t\t\t\t\t\t\t<span class=\"elementor-icon-list-text\">Dos ecosondas monohaz HIDROTRAC II Teledyne Odom<\/span>\n\t\t\t\t\t\t\t\t\t<\/li>\n\t\t\t\t\t\t\t\t<li class=\"elementor-icon-list-item\">\n\t\t\t\t\t\t\t\t\t\t\t<span class=\"elementor-icon-list-icon\">\n\t\t\t\t\t\t\t<i aria-hidden=\"true\" class=\"fas fa-check\"><\/i>\t\t\t\t\t\t<\/span>\n\t\t\t\t\t\t\t\t\t\t<span class=\"elementor-icon-list-text\">Dos ecosondas monohaz KNUDSEN 320M<\/span>\n\t\t\t\t\t\t\t\t\t<\/li>\n\t\t\t\t\t\t\t\t<li class=\"elementor-icon-list-item\">\n\t\t\t\t\t\t\t\t\t\t\t<span class=\"elementor-icon-list-icon\">\n\t\t\t\t\t\t\t<i aria-hidden=\"true\" class=\"fas fa-check\"><\/i>\t\t\t\t\t\t<\/span>\n\t\t\t\t\t\t\t\t\t\t<span class=\"elementor-icon-list-text\">Ecosonda monohaz Innerspace 455<\/span>\n\t\t\t\t\t\t\t\t\t<\/li>\n\t\t\t\t\t\t\t\t<li class=\"elementor-icon-list-item\">\n\t\t\t\t\t\t\t\t\t\t\t<span class=\"elementor-icon-list-icon\">\n\t\t\t\t\t\t\t<i aria-hidden=\"true\" class=\"fas fa-check\"><\/i>\t\t\t\t\t\t<\/span>\n\t\t\t\t\t\t\t\t\t\t<span class=\"elementor-icon-list-text\">Sensor de correcci\u00f3n de movimientos inerciales TSS 335B<\/span>\n\t\t\t\t\t\t\t\t\t<\/li>\n\t\t\t\t\t\t\t\t<li class=\"elementor-icon-list-item\">\n\t\t\t\t\t\t\t\t\t\t\t<span class=\"elementor-icon-list-icon\">\n\t\t\t\t\t\t\t<i aria-hidden=\"true\" class=\"fas fa-check\"><\/i>\t\t\t\t\t\t<\/span>\n\t\t\t\t\t\t\t\t\t\t<span class=\"elementor-icon-list-text\">Vibrocore FT500 Feritech extractor de n\u00facleos de suelo subacu\u00e1tico (600 m)<\/span>\n\t\t\t\t\t\t\t\t\t<\/li>\n\t\t\t\t\t\t<\/ul>\n\t\t\t\t\t\t<\/div>\n\t\t\t\t<\/div>\n\t\t\t\t\t<\/div>\n\t\t<\/div>\n\t\t\t\t<div class=\"elementor-column elementor-col-50 elementor-inner-column elementor-element elementor-element-291b22f0\" data-id=\"291b22f0\" data-element_type=\"column\">\n\t\t\t<div class=\"elementor-widget-wrap elementor-element-populated\">\n\t\t\t\t\t\t<div class=\"elementor-element elementor-element-49b32741 elementor-icon-list--layout-traditional elementor-list-item-link-full_width elementor-widget elementor-widget-icon-list\" data-id=\"49b32741\" data-element_type=\"widget\" data-settings=\"{&quot;ekit_we_effect_on&quot;:&quot;none&quot;}\" data-widget_type=\"icon-list.default\">\n\t\t\t\t<div class=\"elementor-widget-container\">\n\t\t\t\t\t\t\t<ul class=\"elementor-icon-list-items\">\n\t\t\t\t\t\t\t<li class=\"elementor-icon-list-item\">\n\t\t\t\t\t\t\t\t\t\t\t<span class=\"elementor-icon-list-icon\">\n\t\t\t\t\t\t\t<i aria-hidden=\"true\" class=\"fas fa-check\"><\/i>\t\t\t\t\t\t<\/span>\n\t\t\t\t\t\t\t\t\t\t<span class=\"elementor-icon-list-text\">Sistema CSP 1000 Boomer Applied Acoustic Systems<\/span>\n\t\t\t\t\t\t\t\t\t<\/li>\n\t\t\t\t\t\t\t\t<li class=\"elementor-icon-list-item\">\n\t\t\t\t\t\t\t\t\t\t\t<span class=\"elementor-icon-list-icon\">\n\t\t\t\t\t\t\t<i aria-hidden=\"true\" class=\"fas fa-check\"><\/i>\t\t\t\t\t\t<\/span>\n\t\t\t\t\t\t\t\t\t\t<span class=\"elementor-icon-list-text\">Perfilador de Barrido Lateral Geoacustics 100 y 410 kHz (SSS) <\/span>\n\t\t\t\t\t\t\t\t\t<\/li>\n\t\t\t\t\t\t\t\t<li class=\"elementor-icon-list-item\">\n\t\t\t\t\t\t\t\t\t\t\t<span class=\"elementor-icon-list-icon\">\n\t\t\t\t\t\t\t<i aria-hidden=\"true\" class=\"fas fa-check\"><\/i>\t\t\t\t\t\t<\/span>\n\t\t\t\t\t\t\t\t\t\t<span class=\"elementor-icon-list-text\">Embolo para toma de muestras de agua NISKIN<\/span>\n\t\t\t\t\t\t\t\t\t<\/li>\n\t\t\t\t\t\t\t\t<li class=\"elementor-icon-list-item\">\n\t\t\t\t\t\t\t\t\t\t\t<span class=\"elementor-icon-list-icon\">\n\t\t\t\t\t\t\t<i aria-hidden=\"true\" class=\"fas fa-check\"><\/i>\t\t\t\t\t\t<\/span>\n\t\t\t\t\t\t\t\t\t\t<span class=\"elementor-icon-list-text\">Medidor de flujo ADCP (Acoustic Doppler Profiler) Teledyne RDI Workhorse Sentinel<\/span>\n\t\t\t\t\t\t\t\t\t<\/li>\n\t\t\t\t\t\t\t\t<li class=\"elementor-icon-list-item\">\n\t\t\t\t\t\t\t\t\t\t\t<span class=\"elementor-icon-list-icon\">\n\t\t\t\t\t\t\t<i aria-hidden=\"true\" class=\"fas fa-check\"><\/i>\t\t\t\t\t\t<\/span>\n\t\t\t\t\t\t\t\t\t\t<span class=\"elementor-icon-list-text\">Embarcaci\u00f3n aut\u00f3noma AQUACAT Dingle Hopper<\/span>\n\t\t\t\t\t\t\t\t\t<\/li>\n\t\t\t\t\t\t\t\t<li class=\"elementor-icon-list-item\">\n\t\t\t\t\t\t\t\t\t\t\t<span class=\"elementor-icon-list-icon\">\n\t\t\t\t\t\t\t<i aria-hidden=\"true\" class=\"fas fa-check\"><\/i>\t\t\t\t\t\t<\/span>\n\t\t\t\t\t\t\t\t\t\t<span class=\"elementor-icon-list-text\">Dron subacu\u00e1tico para filmaci\u00f3n y fotograf\u00eda AQUABOTIX 200m <\/span>\n\t\t\t\t\t\t\t\t\t<\/li>\n\t\t\t\t\t\t\t\t<li class=\"elementor-icon-list-item\">\n\t\t\t\t\t\t\t\t\t\t\t<span class=\"elementor-icon-list-icon\">\n\t\t\t\t\t\t\t<i aria-hidden=\"true\" class=\"fas fa-check\"><\/i>\t\t\t\t\t\t<\/span>\n\t\t\t\t\t\t\t\t\t\t<span class=\"elementor-icon-list-text\">Dos embarcaciones (pontones) marca Monark de 24 pies con motor fuera de borda<\/span>\n\t\t\t\t\t\t\t\t\t<\/li>\n\t\t\t\t\t\t<\/ul>\n\t\t\t\t\t\t<\/div>\n\t\t\t\t<\/div>\n\t\t\t\t\t<\/div>\n\t\t<\/div>\n\t\t\t\t\t<\/div>\n\t\t<\/section>\n\t\t\t\t\t<\/div>\n\t\t<\/div>\n\t\t\t\t\t<\/div>\n\t\t<\/section>\n\t\t\t\t<\/div>\n\t\t","protected":false},"excerpt":{"rendered":"<p>Hardware de captura batim\u00e9trica Home Equipos Hardware de captura batim\u00e9trica Ecosonda multihaz Teledyne RESON, Seabat 7125 Ecosonda multihaz Norbit WBMS Cuatro sistemas de posicionamiento y correcci\u00f3n de movimientos inerciales Applanix POS MV Wavemaster Perfilador de velocidad del sonido AML MINOS SVP Dos ecosondas monohaz HIDROTRAC II Teledyne Odom Dos ecosondas monohaz KNUDSEN 320M Ecosonda monohaz [&hellip;]<\/p>\n","protected":false},"author":1,"featured_media":0,"parent":0,"menu_order":0,"comment_status":"closed","ping_status":"closed","template":"elementor_header_footer","meta":{"site-sidebar-layout":"no-sidebar","site-content-layout":"page-builder","ast-site-content-layout":"default","site-content-style":"default","site-sidebar-style":"default","ast-global-header-display":"","ast-banner-title-visibility":"","ast-main-header-display":"","ast-hfb-above-header-display":"","ast-hfb-below-header-display":"","ast-hfb-mobile-header-display":"","site-post-title":"disabled","ast-breadcrumbs-content":"","ast-featured-img":"disabled","footer-sml-layout":"","theme-transparent-header-meta":"","adv-header-id-meta":"","stick-header-meta":"","header-above-stick-meta":"","header-main-stick-meta":"","header-below-stick-meta":"","astra-migrate-meta-layouts":"default","ast-page-background-enabled":"default","ast-page-background-meta":{"desktop":{"background-color":"var(--ast-global-color-4)","background-image":"","background-repeat":"repeat","background-position":"center center","background-size":"auto","background-attachment":"scroll","background-type":"","background-media":"","overlay-type":"","overlay-color":"","overlay-opacity":"","overlay-gradient":""},"tablet":{"background-color":"","background-image":"","background-repeat":"repeat","background-position":"center center","background-size":"auto","background-attachment":"scroll","background-type":"","background-media":"","overlay-type":"","overlay-color":"","overlay-opacity":"","overlay-gradient":""},"mobile":{"background-color":"","background-image":"","background-repeat":"repeat","background-position":"center center","background-size":"auto","background-attachment":"scroll","background-type":"","background-media":"","overlay-type":"","overlay-color":"","overlay-opacity":"","overlay-gradient":""}},"ast-content-background-meta":{"desktop":{"background-color":"var(--ast-global-color-5)","background-image":"","background-repeat":"repeat","background-position":"center center","background-size":"auto","background-attachment":"scroll","background-type":"","background-media":"","overlay-type":"","overlay-color":"","overlay-opacity":"","overlay-gradient":""},"tablet":{"background-color":"var(--ast-global-color-5)","background-image":"","background-repeat":"repeat","background-position":"center center","background-size":"auto","background-attachment":"scroll","background-type":"","background-media":"","overlay-type":"","overlay-color":"","overlay-opacity":"","overlay-gradient":""},"mobile":{"background-color":"var(--ast-global-color-5)","background-image":"","background-repeat":"repeat","background-position":"center center","background-size":"auto","background-attachment":"scroll","background-type":"","background-media":"","overlay-type":"","overlay-color":"","overlay-opacity":"","overlay-gradient":""}},"footnotes":""},"class_list":["post-465","page","type-page","status-publish","hentry"],"_links":{"self":[{"href":"https:\/\/batimetria.com.co\/index.php\/wp-json\/wp\/v2\/pages\/465","targetHints":{"allow":["GET"]}}],"collection":[{"href":"https:\/\/batimetria.com.co\/index.php\/wp-json\/wp\/v2\/pages"}],"about":[{"href":"https:\/\/batimetria.com.co\/index.php\/wp-json\/wp\/v2\/types\/page"}],"author":[{"embeddable":true,"href":"https:\/\/batimetria.com.co\/index.php\/wp-json\/wp\/v2\/users\/1"}],"replies":[{"embeddable":true,"href":"https:\/\/batimetria.com.co\/index.php\/wp-json\/wp\/v2\/comments?post=465"}],"version-history":[{"count":7,"href":"https:\/\/batimetria.com.co\/index.php\/wp-json\/wp\/v2\/pages\/465\/revisions"}],"predecessor-version":[{"id":761,"href":"https:\/\/batimetria.com.co\/index.php\/wp-json\/wp\/v2\/pages\/465\/revisions\/761"}],"wp:attachment":[{"href":"https:\/\/batimetria.com.co\/index.php\/wp-json\/wp\/v2\/media?parent=465"}],"curies":[{"name":"wp","href":"https:\/\/api.w.org\/{rel}","templated":true}]}}