{"id":448,"date":"2022-03-23T14:57:01","date_gmt":"2022-03-23T14:57:01","guid":{"rendered":"https:\/\/batimetria.com.co\/?page_id=448"},"modified":"2022-03-28T14:29:56","modified_gmt":"2022-03-28T14:29:56","slug":"infraestructura-de-hardware-de-apoyo","status":"publish","type":"page","link":"https:\/\/batimetria.com.co\/index.php\/infraestructura-de-hardware-de-apoyo\/","title":{"rendered":"Infraestructura de hardware de apoyo"},"content":{"rendered":"<style>.elementor-448 .elementor-element.elementor-element-1d113366:not(.elementor-motion-effects-element-type-background), .elementor-448 .elementor-element.elementor-element-1d113366 > .elementor-motion-effects-container > .elementor-motion-effects-layer{background-image:url(\"https:\/\/batimetria.com.co\/wp-content\/uploads\/2022\/03\/mkk.jpg\");background-position:0px 28%;background-repeat:no-repeat;background-size:cover;}.elementor-448 .elementor-element.elementor-element-1d113366 > .elementor-background-overlay{background-color:#181C28;opacity:0.9;transition:background 0.3s, border-radius 0.3s, opacity 0.3s;}.elementor-448 .elementor-element.elementor-element-1d113366 > .elementor-container{max-width:1170px;}.elementor-448 .elementor-element.elementor-element-1d113366{transition:background 0.3s, border 0.3s, border-radius 0.3s, box-shadow 0.3s;padding:200px 0px 140px 0px;z-index:0;overflow:visible;}.elementor-448 .elementor-element.elementor-element-3814b6ed{text-align:center;}.elementor-448 .elementor-element.elementor-element-3814b6ed .elementor-heading-title{font-family:var( --e-global-typography-secondary-font-family ), Sans-serif;font-size:var( --e-global-typography-secondary-font-size );font-weight:var( --e-global-typography-secondary-font-weight );text-transform:var( --e-global-typography-secondary-text-transform );line-height:var( --e-global-typography-secondary-line-height );color:#FFFFFF;}.elementor-448 .elementor-element.elementor-element-13803f4 > .elementor-widget-container{margin:-5px 0px 0px 0px;}.elementor-448 .elementor-element.elementor-element-13803f4 .elementor-icon-list-items:not(.elementor-inline-items) .elementor-icon-list-item:not(:last-child){padding-block-end:calc(5px\/2);}.elementor-448 .elementor-element.elementor-element-13803f4 .elementor-icon-list-items:not(.elementor-inline-items) .elementor-icon-list-item:not(:first-child){margin-block-start:calc(5px\/2);}.elementor-448 .elementor-element.elementor-element-13803f4 .elementor-icon-list-items.elementor-inline-items .elementor-icon-list-item{margin-inline:calc(5px\/2);}.elementor-448 .elementor-element.elementor-element-13803f4 .elementor-icon-list-items.elementor-inline-items{margin-inline:calc(-5px\/2);}.elementor-448 .elementor-element.elementor-element-13803f4 .elementor-icon-list-items.elementor-inline-items .elementor-icon-list-item:after{inset-inline-end:calc(-5px\/2);}.elementor-448 .elementor-element.elementor-element-13803f4 .elementor-icon-list-icon i{color:var( --e-global-color-accent );transition:color 0.3s;}.elementor-448 .elementor-element.elementor-element-13803f4 .elementor-icon-list-icon svg{fill:var( --e-global-color-accent );transition:fill 0.3s;}.elementor-448 .elementor-element.elementor-element-13803f4{--e-icon-list-icon-size:14px;--icon-vertical-offset:0px;}.elementor-448 .elementor-element.elementor-element-13803f4 .elementor-icon-list-item > .elementor-icon-list-text, .elementor-448 .elementor-element.elementor-element-13803f4 .elementor-icon-list-item > a{font-family:var( --e-global-typography-text-font-family ), Sans-serif;font-size:var( --e-global-typography-text-font-size );font-weight:var( --e-global-typography-text-font-weight );text-transform:var( --e-global-typography-text-text-transform );line-height:var( --e-global-typography-text-line-height );}.elementor-448 .elementor-element.elementor-element-13803f4 .elementor-icon-list-text{color:#FFFFFF;transition:color 0.3s;}.elementor-448 .elementor-element.elementor-element-57826bad{padding:100px 0px 20px 0px;overflow:visible;}.elementor-448 .elementor-element.elementor-element-18c87e8d > .elementor-container > .elementor-column > .elementor-widget-wrap{align-content:center;align-items:center;}.elementor-448 .elementor-element.elementor-element-18c87e8d{overflow:visible;}.elementor-448 .elementor-element.elementor-element-4d751f04 > .elementor-element-populated{padding:0px 0px 0px 40px;}.elementor-448 .elementor-element.elementor-element-a0f9467 .elementor-heading-title{font-family:var( --e-global-typography-274f2d8-font-family ), Sans-serif;font-size:var( --e-global-typography-274f2d8-font-size );font-weight:var( --e-global-typography-274f2d8-font-weight );text-transform:var( --e-global-typography-274f2d8-text-transform );line-height:var( --e-global-typography-274f2d8-line-height );color:var( --e-global-color-primary );}.elementor-448 .elementor-element.elementor-element-9a60800{text-align:justify;font-family:var( --e-global-typography-text-font-family ), Sans-serif;font-size:var( --e-global-typography-text-font-size );font-weight:var( --e-global-typography-text-font-weight );text-transform:var( --e-global-typography-text-text-transform );line-height:var( --e-global-typography-text-line-height );color:var( --e-global-color-text );}.elementor-448 .elementor-element.elementor-element-ed80931{overflow:visible;}.elementor-448 .elementor-element.elementor-element-d90a399 .e-gallery-item:hover .elementor-gallery-item__overlay{background-color:rgba(0,0,0,0.5);}.elementor-448 .elementor-element.elementor-element-d90a399{--image-transition-duration:800ms;--overlay-transition-duration:800ms;--content-text-align:center;--content-padding:20px;--content-transition-duration:800ms;--content-transition-delay:800ms;}@media(max-width:1024px) and (min-width:768px){.elementor-448 .elementor-element.elementor-element-4d751f04{width:100%;}}@media(max-width:1024px){.elementor-448 .elementor-element.elementor-element-1d113366:not(.elementor-motion-effects-element-type-background), .elementor-448 .elementor-element.elementor-element-1d113366 > .elementor-motion-effects-container > .elementor-motion-effects-layer{background-position:center center;}.elementor-448 .elementor-element.elementor-element-1d113366{margin-top:0px;margin-bottom:0px;padding:210px 0px 140px 0px;}.elementor-448 .elementor-element.elementor-element-3814b6ed .elementor-heading-title{font-size:var( --e-global-typography-secondary-font-size );line-height:var( --e-global-typography-secondary-line-height );}.elementor-448 .elementor-element.elementor-element-13803f4 .elementor-icon-list-item > .elementor-icon-list-text, .elementor-448 .elementor-element.elementor-element-13803f4 .elementor-icon-list-item > a{font-size:var( --e-global-typography-text-font-size );line-height:var( --e-global-typography-text-line-height );}.elementor-448 .elementor-element.elementor-element-57826bad{padding:80px 10px 80px 10px;}.elementor-448 .elementor-element.elementor-element-4d751f04 > .elementor-element-populated{margin:40px 0px 0px 0px;--e-column-margin-right:0px;--e-column-margin-left:0px;padding:0px 0px 0px 0px;}.elementor-448 .elementor-element.elementor-element-a0f9467 .elementor-heading-title{font-size:var( --e-global-typography-274f2d8-font-size );line-height:var( --e-global-typography-274f2d8-line-height );}.elementor-448 .elementor-element.elementor-element-9a60800{font-size:var( --e-global-typography-text-font-size );line-height:var( --e-global-typography-text-line-height );}}@media(max-width:767px){.elementor-448 .elementor-element.elementor-element-1d113366{margin-top:0px;margin-bottom:0px;padding:152px 10px 30px 10px;}.elementor-448 .elementor-element.elementor-element-3814b6ed .elementor-heading-title{font-size:var( --e-global-typography-secondary-font-size );line-height:var( --e-global-typography-secondary-line-height );}.elementor-448 .elementor-element.elementor-element-13803f4 .elementor-icon-list-item > .elementor-icon-list-text, .elementor-448 .elementor-element.elementor-element-13803f4 .elementor-icon-list-item > a{font-size:var( --e-global-typography-text-font-size );line-height:var( --e-global-typography-text-line-height );}.elementor-448 .elementor-element.elementor-element-57826bad{padding:40px 10px 40px 10px;}.elementor-448 .elementor-element.elementor-element-4d751f04 > .elementor-element-populated{margin:0px 0px 0px 0px;--e-column-margin-right:0px;--e-column-margin-left:0px;}.elementor-448 .elementor-element.elementor-element-a0f9467 .elementor-heading-title{font-size:var( --e-global-typography-274f2d8-font-size );line-height:var( --e-global-typography-274f2d8-line-height );}.elementor-448 .elementor-element.elementor-element-9a60800{text-align:justify;font-size:var( --e-global-typography-text-font-size );line-height:var( --e-global-typography-text-line-height );}}<\/style>\t\t<div data-elementor-type=\"wp-page\" data-elementor-id=\"448\" class=\"elementor elementor-448\">\n\t\t\t\t\t\t<section class=\"elementor-section elementor-top-section elementor-element elementor-element-1d113366 elementor-section-boxed elementor-section-height-default elementor-section-height-default\" data-id=\"1d113366\" data-element_type=\"section\" data-settings=\"{&quot;background_background&quot;:&quot;classic&quot;,&quot;ekit_has_onepagescroll_dot&quot;:&quot;yes&quot;}\">\n\t\t\t\t\t\t\t<div class=\"elementor-background-overlay\"><\/div>\n\t\t\t\t\t\t\t<div class=\"elementor-container elementor-column-gap-default\">\n\t\t\t\t\t<div class=\"elementor-column elementor-col-100 elementor-top-column elementor-element elementor-element-2070bf08\" data-id=\"2070bf08\" data-element_type=\"column\">\n\t\t\t<div class=\"elementor-widget-wrap elementor-element-populated\">\n\t\t\t\t\t\t<div class=\"elementor-element elementor-element-3814b6ed elementor-widget elementor-widget-heading\" data-id=\"3814b6ed\" data-element_type=\"widget\" data-settings=\"{&quot;ekit_we_effect_on&quot;:&quot;none&quot;}\" data-widget_type=\"heading.default\">\n\t\t\t\t<div class=\"elementor-widget-container\">\n\t\t\t\t\t<h2 class=\"elementor-heading-title elementor-size-default\">Infraestructura de hardware de apoyo<\/h2>\t\t\t\t<\/div>\n\t\t\t\t<\/div>\n\t\t\t\t<div class=\"elementor-element elementor-element-13803f4 elementor-icon-list--layout-inline elementor-align-center elementor-list-item-link-full_width elementor-widget elementor-widget-icon-list\" data-id=\"13803f4\" data-element_type=\"widget\" data-settings=\"{&quot;ekit_we_effect_on&quot;:&quot;none&quot;}\" data-widget_type=\"icon-list.default\">\n\t\t\t\t<div class=\"elementor-widget-container\">\n\t\t\t\t\t\t\t<ul class=\"elementor-icon-list-items elementor-inline-items\">\n\t\t\t\t\t\t\t<li class=\"elementor-icon-list-item elementor-inline-item\">\n\t\t\t\t\t\t\t\t\t\t<span class=\"elementor-icon-list-text\">Home<\/span>\n\t\t\t\t\t\t\t\t\t<\/li>\n\t\t\t\t\t\t\t\t<li class=\"elementor-icon-list-item elementor-inline-item\">\n\t\t\t\t\t\t\t\t\t\t\t<span class=\"elementor-icon-list-icon\">\n\t\t\t\t\t\t\t<i aria-hidden=\"true\" class=\"fas fa-chevron-right\"><\/i>\t\t\t\t\t\t<\/span>\n\t\t\t\t\t\t\t\t\t\t<span class=\"elementor-icon-list-text\">Equipos<\/span>\n\t\t\t\t\t\t\t\t\t<\/li>\n\t\t\t\t\t\t<\/ul>\n\t\t\t\t\t\t<\/div>\n\t\t\t\t<\/div>\n\t\t\t\t\t<\/div>\n\t\t<\/div>\n\t\t\t\t\t<\/div>\n\t\t<\/section>\n\t\t\t\t<section class=\"elementor-section elementor-top-section elementor-element elementor-element-57826bad elementor-section-boxed elementor-section-height-default elementor-section-height-default\" data-id=\"57826bad\" data-element_type=\"section\" data-settings=\"{&quot;ekit_has_onepagescroll_dot&quot;:&quot;yes&quot;}\">\n\t\t\t\t\t\t<div class=\"elementor-container elementor-column-gap-default\">\n\t\t\t\t\t<div class=\"elementor-column elementor-col-100 elementor-top-column elementor-element elementor-element-114beb8b\" data-id=\"114beb8b\" data-element_type=\"column\">\n\t\t\t<div class=\"elementor-widget-wrap elementor-element-populated\">\n\t\t\t\t\t\t<section class=\"elementor-section elementor-inner-section elementor-element elementor-element-18c87e8d elementor-section-content-middle elementor-section-boxed elementor-section-height-default elementor-section-height-default\" data-id=\"18c87e8d\" data-element_type=\"section\" data-settings=\"{&quot;ekit_has_onepagescroll_dot&quot;:&quot;yes&quot;}\">\n\t\t\t\t\t\t<div class=\"elementor-container elementor-column-gap-no\">\n\t\t\t\t\t<div class=\"elementor-column elementor-col-100 elementor-inner-column elementor-element elementor-element-4d751f04\" data-id=\"4d751f04\" data-element_type=\"column\">\n\t\t\t<div class=\"elementor-widget-wrap elementor-element-populated\">\n\t\t\t\t\t\t<div class=\"elementor-element elementor-element-a0f9467 elementor-widget elementor-widget-heading\" data-id=\"a0f9467\" data-element_type=\"widget\" data-settings=\"{&quot;ekit_we_effect_on&quot;:&quot;none&quot;}\" data-widget_type=\"heading.default\">\n\t\t\t\t<div class=\"elementor-widget-container\">\n\t\t\t\t\t<h3 class=\"elementor-heading-title elementor-size-default\">Infraestructura de hardware de apoyo<\/h3>\t\t\t\t<\/div>\n\t\t\t\t<\/div>\n\t\t\t\t<div class=\"elementor-element elementor-element-9a60800 elementor-widget elementor-widget-text-editor\" data-id=\"9a60800\" data-element_type=\"widget\" data-settings=\"{&quot;ekit_we_effect_on&quot;:&quot;none&quot;}\" data-widget_type=\"text-editor.default\">\n\t\t\t\t<div class=\"elementor-widget-container\">\n\t\t\t\t\t\t\t\t\t<p>El centro de procesamiento de datos de BATIMETRIA cuenta con una soluci\u00f3n de almacenamiento Synology con capacidad superior a 400 TB que proporciona un rendimiento superior y confiable, simplificando la gesti\u00f3n de datos y optimizando los entornos de virtualizaci\u00f3n.<\/p><p>Esta infraestructura permite procesar simult\u00e1neamente m\u00e1s de 16.000 fotograf\u00edas convirti\u00e9ndose en el laboratorio de im\u00e1genes SIG m\u00e1s importante en Colombia con capacidad de respuesta en plazos muy breves.<\/p>\t\t\t\t\t\t\t\t<\/div>\n\t\t\t\t<\/div>\n\t\t\t\t\t<\/div>\n\t\t<\/div>\n\t\t\t\t\t<\/div>\n\t\t<\/section>\n\t\t\t\t\t<\/div>\n\t\t<\/div>\n\t\t\t\t\t<\/div>\n\t\t<\/section>\n\t\t\t\t<section class=\"elementor-section elementor-top-section elementor-element elementor-element-ed80931 elementor-section-boxed elementor-section-height-default elementor-section-height-default\" data-id=\"ed80931\" data-element_type=\"section\" data-settings=\"{&quot;ekit_has_onepagescroll_dot&quot;:&quot;yes&quot;}\">\n\t\t\t\t\t\t<div class=\"elementor-container elementor-column-gap-default\">\n\t\t\t\t\t<div class=\"elementor-column elementor-col-100 elementor-top-column elementor-element elementor-element-15c61b8\" data-id=\"15c61b8\" data-element_type=\"column\">\n\t\t\t<div class=\"elementor-widget-wrap elementor-element-populated\">\n\t\t\t\t\t\t<div class=\"elementor-element elementor-element-d90a399 elementor-widget elementor-widget-gallery\" data-id=\"d90a399\" data-element_type=\"widget\" data-settings=\"{&quot;gallery_layout&quot;:&quot;justified&quot;,&quot;ideal_row_height&quot;:{&quot;unit&quot;:&quot;px&quot;,&quot;size&quot;:280,&quot;sizes&quot;:[]},&quot;gap&quot;:{&quot;unit&quot;:&quot;px&quot;,&quot;size&quot;:20,&quot;sizes&quot;:[]},&quot;lazyload&quot;:&quot;yes&quot;,&quot;ideal_row_height_tablet&quot;:{&quot;unit&quot;:&quot;px&quot;,&quot;size&quot;:150,&quot;sizes&quot;:[]},&quot;ideal_row_height_mobile&quot;:{&quot;unit&quot;:&quot;px&quot;,&quot;size&quot;:150,&quot;sizes&quot;:[]},&quot;gap_tablet&quot;:{&quot;unit&quot;:&quot;px&quot;,&quot;size&quot;:10,&quot;sizes&quot;:[]},&quot;gap_mobile&quot;:{&quot;unit&quot;:&quot;px&quot;,&quot;size&quot;:10,&quot;sizes&quot;:[]},&quot;link_to&quot;:&quot;file&quot;,&quot;overlay_background&quot;:&quot;yes&quot;,&quot;content_hover_animation&quot;:&quot;fade-in&quot;,&quot;ekit_we_effect_on&quot;:&quot;none&quot;}\" data-widget_type=\"gallery.default\">\n\t\t\t\t<div class=\"elementor-widget-container\">\n\t\t\t\t\t\t\t<div class=\"elementor-gallery__container\">\n\t\t\t\t\t\t\t<a class=\"e-gallery-item elementor-gallery-item elementor-animated-content\" href=\"https:\/\/batimetria.com.co\/wp-content\/uploads\/2022\/03\/68.jpg\" data-elementor-open-lightbox=\"yes\" data-elementor-lightbox-slideshow=\"all-d90a399\" data-elementor-lightbox-title=\"68\" data-e-action-hash=\"#elementor-action%3Aaction%3Dlightbox%26settings%3DeyJpZCI6NDUyLCJ1cmwiOiJodHRwczpcL1wvYmF0aW1ldHJpYS5jb20uY29cL3dwLWNvbnRlbnRcL3VwbG9hZHNcLzIwMjJcLzAzXC82OC5qcGciLCJzbGlkZXNob3ciOiJhbGwtZDkwYTM5OSJ9\">\n\t\t\t\t\t<div class=\"e-gallery-image elementor-gallery-item__image\" data-thumbnail=\"https:\/\/batimetria.com.co\/wp-content\/uploads\/2022\/03\/68-300x216.jpg\" data-width=\"300\" data-height=\"216\" alt=\"\" ><\/div>\n\t\t\t\t\t\t\t\t\t\t<div class=\"elementor-gallery-item__overlay\"><\/div>\n\t\t\t\t\t\t\t\t\t\t\t\t\t\t<\/a>\n\t\t\t\t\t\t\t<a class=\"e-gallery-item elementor-gallery-item elementor-animated-content\" href=\"https:\/\/batimetria.com.co\/wp-content\/uploads\/2022\/03\/65.png\" data-elementor-open-lightbox=\"yes\" data-elementor-lightbox-slideshow=\"all-d90a399\" data-elementor-lightbox-title=\"65\" data-e-action-hash=\"#elementor-action%3Aaction%3Dlightbox%26settings%3DeyJpZCI6NDUzLCJ1cmwiOiJodHRwczpcL1wvYmF0aW1ldHJpYS5jb20uY29cL3dwLWNvbnRlbnRcL3VwbG9hZHNcLzIwMjJcLzAzXC82NS5wbmciLCJzbGlkZXNob3ciOiJhbGwtZDkwYTM5OSJ9\">\n\t\t\t\t\t<div class=\"e-gallery-image elementor-gallery-item__image\" data-thumbnail=\"https:\/\/batimetria.com.co\/wp-content\/uploads\/2022\/03\/65-300x195.png\" data-width=\"300\" data-height=\"195\" alt=\"\" ><\/div>\n\t\t\t\t\t\t\t\t\t\t<div class=\"elementor-gallery-item__overlay\"><\/div>\n\t\t\t\t\t\t\t\t\t\t\t\t\t\t<\/a>\n\t\t\t\t\t\t\t<a class=\"e-gallery-item elementor-gallery-item elementor-animated-content\" href=\"https:\/\/batimetria.com.co\/wp-content\/uploads\/2022\/03\/67.jpeg\" data-elementor-open-lightbox=\"yes\" data-elementor-lightbox-slideshow=\"all-d90a399\" data-elementor-lightbox-title=\"67\" data-e-action-hash=\"#elementor-action%3Aaction%3Dlightbox%26settings%3DeyJpZCI6NDUxLCJ1cmwiOiJodHRwczpcL1wvYmF0aW1ldHJpYS5jb20uY29cL3dwLWNvbnRlbnRcL3VwbG9hZHNcLzIwMjJcLzAzXC82Ny5qcGVnIiwic2xpZGVzaG93IjoiYWxsLWQ5MGEzOTkifQ%3D%3D\">\n\t\t\t\t\t<div class=\"e-gallery-image elementor-gallery-item__image\" data-thumbnail=\"https:\/\/batimetria.com.co\/wp-content\/uploads\/2022\/03\/67-300x225.jpeg\" data-width=\"300\" data-height=\"225\" alt=\"\" ><\/div>\n\t\t\t\t\t\t\t\t\t\t<div class=\"elementor-gallery-item__overlay\"><\/div>\n\t\t\t\t\t\t\t\t\t\t\t\t\t\t<\/a>\n\t\t\t\t\t\t\t<a class=\"e-gallery-item elementor-gallery-item elementor-animated-content\" href=\"https:\/\/batimetria.com.co\/wp-content\/uploads\/2022\/03\/66-1.jpeg\" data-elementor-open-lightbox=\"yes\" data-elementor-lightbox-slideshow=\"all-d90a399\" data-elementor-lightbox-title=\"66\" data-e-action-hash=\"#elementor-action%3Aaction%3Dlightbox%26settings%3DeyJpZCI6NDUwLCJ1cmwiOiJodHRwczpcL1wvYmF0aW1ldHJpYS5jb20uY29cL3dwLWNvbnRlbnRcL3VwbG9hZHNcLzIwMjJcLzAzXC82Ni0xLmpwZWciLCJzbGlkZXNob3ciOiJhbGwtZDkwYTM5OSJ9\">\n\t\t\t\t\t<div class=\"e-gallery-image elementor-gallery-item__image\" data-thumbnail=\"https:\/\/batimetria.com.co\/wp-content\/uploads\/2022\/03\/66-1-300x225.jpeg\" data-width=\"300\" data-height=\"225\" alt=\"\" ><\/div>\n\t\t\t\t\t\t\t\t\t\t<div class=\"elementor-gallery-item__overlay\"><\/div>\n\t\t\t\t\t\t\t\t\t\t\t\t\t\t<\/a>\n\t\t\t\t\t\t\t<a class=\"e-gallery-item elementor-gallery-item elementor-animated-content\" href=\"https:\/\/batimetria.com.co\/wp-content\/uploads\/2022\/03\/mkk.jpg\" data-elementor-open-lightbox=\"yes\" data-elementor-lightbox-slideshow=\"all-d90a399\" data-elementor-lightbox-title=\"mkk\" data-e-action-hash=\"#elementor-action%3Aaction%3Dlightbox%26settings%3DeyJpZCI6NDU0LCJ1cmwiOiJodHRwczpcL1wvYmF0aW1ldHJpYS5jb20uY29cL3dwLWNvbnRlbnRcL3VwbG9hZHNcLzIwMjJcLzAzXC9ta2suanBnIiwic2xpZGVzaG93IjoiYWxsLWQ5MGEzOTkifQ%3D%3D\">\n\t\t\t\t\t<div class=\"e-gallery-image elementor-gallery-item__image\" data-thumbnail=\"https:\/\/batimetria.com.co\/wp-content\/uploads\/2022\/03\/mkk-300x225.jpg\" data-width=\"300\" data-height=\"225\" alt=\"\" ><\/div>\n\t\t\t\t\t\t\t\t\t\t<div class=\"elementor-gallery-item__overlay\"><\/div>\n\t\t\t\t\t\t\t\t\t\t\t\t\t\t<\/a>\n\t\t\t\t\t<\/div>\n\t\t\t\t\t<\/div>\n\t\t\t\t<\/div>\n\t\t\t\t\t<\/div>\n\t\t<\/div>\n\t\t\t\t\t<\/div>\n\t\t<\/section>\n\t\t\t\t<\/div>\n\t\t","protected":false},"excerpt":{"rendered":"<p>Infraestructura de hardware de apoyo Home Equipos Infraestructura de hardware de apoyo El centro de procesamiento de datos de BATIMETRIA cuenta con una soluci\u00f3n de almacenamiento Synology con capacidad superior a 400 TB que proporciona un rendimiento superior y confiable, simplificando la gesti\u00f3n de datos y optimizando los entornos de virtualizaci\u00f3n. Esta infraestructura permite procesar [&hellip;]<\/p>\n","protected":false},"author":1,"featured_media":0,"parent":0,"menu_order":0,"comment_status":"closed","ping_status":"closed","template":"elementor_header_footer","meta":{"site-sidebar-layout":"no-sidebar","site-content-layout":"page-builder","ast-site-content-layout":"default","site-content-style":"default","site-sidebar-style":"default","ast-global-header-display":"","ast-banner-title-visibility":"","ast-main-header-display":"","ast-hfb-above-header-display":"","ast-hfb-below-header-display":"","ast-hfb-mobile-header-display":"","site-post-title":"disabled","ast-breadcrumbs-content":"","ast-featured-img":"disabled","footer-sml-layout":"","theme-transparent-header-meta":"","adv-header-id-meta":"","stick-header-meta":"","header-above-stick-meta":"","header-main-stick-meta":"","header-below-stick-meta":"","astra-migrate-meta-layouts":"default","ast-page-background-enabled":"default","ast-page-background-meta":{"desktop":{"background-color":"var(--ast-global-color-4)","background-image":"","background-repeat":"repeat","background-position":"center center","background-size":"auto","background-attachment":"scroll","background-type":"","background-media":"","overlay-type":"","overlay-color":"","overlay-opacity":"","overlay-gradient":""},"tablet":{"background-color":"","background-image":"","background-repeat":"repeat","background-position":"center center","background-size":"auto","background-attachment":"scroll","background-type":"","background-media":"","overlay-type":"","overlay-color":"","overlay-opacity":"","overlay-gradient":""},"mobile":{"background-color":"","background-image":"","background-repeat":"repeat","background-position":"center center","background-size":"auto","background-attachment":"scroll","background-type":"","background-media":"","overlay-type":"","overlay-color":"","overlay-opacity":"","overlay-gradient":""}},"ast-content-background-meta":{"desktop":{"background-color":"var(--ast-global-color-5)","background-image":"","background-repeat":"repeat","background-position":"center center","background-size":"auto","background-attachment":"scroll","background-type":"","background-media":"","overlay-type":"","overlay-color":"","overlay-opacity":"","overlay-gradient":""},"tablet":{"background-color":"var(--ast-global-color-5)","background-image":"","background-repeat":"repeat","background-position":"center center","background-size":"auto","background-attachment":"scroll","background-type":"","background-media":"","overlay-type":"","overlay-color":"","overlay-opacity":"","overlay-gradient":""},"mobile":{"background-color":"var(--ast-global-color-5)","background-image":"","background-repeat":"repeat","background-position":"center center","background-size":"auto","background-attachment":"scroll","background-type":"","background-media":"","overlay-type":"","overlay-color":"","overlay-opacity":"","overlay-gradient":""}},"footnotes":""},"class_list":["post-448","page","type-page","status-publish","hentry"],"_links":{"self":[{"href":"https:\/\/batimetria.com.co\/index.php\/wp-json\/wp\/v2\/pages\/448","targetHints":{"allow":["GET"]}}],"collection":[{"href":"https:\/\/batimetria.com.co\/index.php\/wp-json\/wp\/v2\/pages"}],"about":[{"href":"https:\/\/batimetria.com.co\/index.php\/wp-json\/wp\/v2\/types\/page"}],"author":[{"embeddable":true,"href":"https:\/\/batimetria.com.co\/index.php\/wp-json\/wp\/v2\/users\/1"}],"replies":[{"embeddable":true,"href":"https:\/\/batimetria.com.co\/index.php\/wp-json\/wp\/v2\/comments?post=448"}],"version-history":[{"count":13,"href":"https:\/\/batimetria.com.co\/index.php\/wp-json\/wp\/v2\/pages\/448\/revisions"}],"predecessor-version":[{"id":874,"href":"https:\/\/batimetria.com.co\/index.php\/wp-json\/wp\/v2\/pages\/448\/revisions\/874"}],"wp:attachment":[{"href":"https:\/\/batimetria.com.co\/index.php\/wp-json\/wp\/v2\/media?parent=448"}],"curies":[{"name":"wp","href":"https:\/\/api.w.org\/{rel}","templated":true}]}}