{"id":279,"date":"2022-03-22T22:03:00","date_gmt":"2022-03-22T22:03:00","guid":{"rendered":"https:\/\/batimetria.com.co\/?page_id=279"},"modified":"2022-05-04T13:44:33","modified_gmt":"2022-05-04T13:44:33","slug":"curvas-de-nivel","status":"publish","type":"page","link":"https:\/\/batimetria.com.co\/index.php\/curvas-de-nivel\/","title":{"rendered":"Curvas de nivel"},"content":{"rendered":"<style>.elementor-279 .elementor-element.elementor-element-6c24b76b:not(.elementor-motion-effects-element-type-background), .elementor-279 .elementor-element.elementor-element-6c24b76b > .elementor-motion-effects-container > .elementor-motion-effects-layer{background-image:url(\"https:\/\/batimetria.com.co\/wp-content\/uploads\/2022\/03\/cxc.png\");background-position:0px 28%;background-repeat:no-repeat;background-size:cover;}.elementor-279 .elementor-element.elementor-element-6c24b76b > .elementor-background-overlay{background-color:#181C28;opacity:0.9;transition:background 0.3s, border-radius 0.3s, opacity 0.3s;}.elementor-279 .elementor-element.elementor-element-6c24b76b > .elementor-container{max-width:1170px;}.elementor-279 .elementor-element.elementor-element-6c24b76b{transition:background 0.3s, border 0.3s, border-radius 0.3s, box-shadow 0.3s;padding:200px 0px 140px 0px;z-index:0;overflow:visible;}.elementor-279 .elementor-element.elementor-element-46506848{text-align:center;}.elementor-279 .elementor-element.elementor-element-46506848 .elementor-heading-title{font-family:var( --e-global-typography-secondary-font-family ), Sans-serif;font-size:var( --e-global-typography-secondary-font-size );font-weight:var( --e-global-typography-secondary-font-weight );text-transform:var( --e-global-typography-secondary-text-transform );line-height:var( --e-global-typography-secondary-line-height );color:#FFFFFF;}.elementor-279 .elementor-element.elementor-element-592cc1d > .elementor-widget-container{margin:-5px 0px 0px 0px;}.elementor-279 .elementor-element.elementor-element-592cc1d .elementor-icon-list-items:not(.elementor-inline-items) .elementor-icon-list-item:not(:last-child){padding-block-end:calc(5px\/2);}.elementor-279 .elementor-element.elementor-element-592cc1d .elementor-icon-list-items:not(.elementor-inline-items) .elementor-icon-list-item:not(:first-child){margin-block-start:calc(5px\/2);}.elementor-279 .elementor-element.elementor-element-592cc1d .elementor-icon-list-items.elementor-inline-items .elementor-icon-list-item{margin-inline:calc(5px\/2);}.elementor-279 .elementor-element.elementor-element-592cc1d .elementor-icon-list-items.elementor-inline-items{margin-inline:calc(-5px\/2);}.elementor-279 .elementor-element.elementor-element-592cc1d .elementor-icon-list-items.elementor-inline-items .elementor-icon-list-item:after{inset-inline-end:calc(-5px\/2);}.elementor-279 .elementor-element.elementor-element-592cc1d .elementor-icon-list-icon i{color:var( --e-global-color-accent );transition:color 0.3s;}.elementor-279 .elementor-element.elementor-element-592cc1d .elementor-icon-list-icon svg{fill:var( --e-global-color-accent );transition:fill 0.3s;}.elementor-279 .elementor-element.elementor-element-592cc1d{--e-icon-list-icon-size:14px;--icon-vertical-offset:0px;}.elementor-279 .elementor-element.elementor-element-592cc1d .elementor-icon-list-item > .elementor-icon-list-text, .elementor-279 .elementor-element.elementor-element-592cc1d .elementor-icon-list-item > a{font-family:var( --e-global-typography-text-font-family ), Sans-serif;font-size:var( --e-global-typography-text-font-size );font-weight:var( --e-global-typography-text-font-weight );text-transform:var( --e-global-typography-text-text-transform );line-height:var( --e-global-typography-text-line-height );}.elementor-279 .elementor-element.elementor-element-592cc1d .elementor-icon-list-text{color:#FFFFFF;transition:color 0.3s;}.elementor-279 .elementor-element.elementor-element-49a4c035{padding:100px 0px 100px 0px;overflow:visible;}.elementor-279 .elementor-element.elementor-element-4486b0fb > .elementor-container > .elementor-column > .elementor-widget-wrap{align-content:center;align-items:center;}.elementor-279 .elementor-element.elementor-element-4486b0fb{overflow:visible;}.elementor-279 .elementor-element.elementor-element-171002f > .elementor-element-populated{margin:0px 20px 0px 0px;--e-column-margin-right:20px;--e-column-margin-left:0px;}.elementor-279 .elementor-element.elementor-element-a9a0c81 > .elementor-widget-container{margin:-14px 0px -26px 0px;}.elementor-279 .elementor-element.elementor-element-a9a0c81{text-align:center;font-size:12px;font-style:italic;color:#000000;}.elementor-279 .elementor-element.elementor-element-67fea673 > .elementor-element-populated{padding:0px 0px 0px 40px;}.elementor-279 .elementor-element.elementor-element-40d51f67 .elementor-heading-title{font-family:var( --e-global-typography-274f2d8-font-family ), Sans-serif;font-size:var( --e-global-typography-274f2d8-font-size );font-weight:var( --e-global-typography-274f2d8-font-weight );text-transform:var( --e-global-typography-274f2d8-text-transform );line-height:var( --e-global-typography-274f2d8-line-height );color:var( --e-global-color-primary );}.elementor-279 .elementor-element.elementor-element-7048245{text-align:justify;font-family:var( --e-global-typography-text-font-family ), Sans-serif;font-size:var( --e-global-typography-text-font-size );font-weight:var( --e-global-typography-text-font-weight );text-transform:var( --e-global-typography-text-text-transform );line-height:var( --e-global-typography-text-line-height );color:var( --e-global-color-text );}@media(max-width:1024px){.elementor-279 .elementor-element.elementor-element-6c24b76b:not(.elementor-motion-effects-element-type-background), .elementor-279 .elementor-element.elementor-element-6c24b76b > .elementor-motion-effects-container > .elementor-motion-effects-layer{background-position:center center;}.elementor-279 .elementor-element.elementor-element-6c24b76b{margin-top:0px;margin-bottom:0px;padding:210px 0px 140px 0px;}.elementor-279 .elementor-element.elementor-element-46506848 .elementor-heading-title{font-size:var( --e-global-typography-secondary-font-size );line-height:var( --e-global-typography-secondary-line-height );}.elementor-279 .elementor-element.elementor-element-592cc1d .elementor-icon-list-item > .elementor-icon-list-text, .elementor-279 .elementor-element.elementor-element-592cc1d .elementor-icon-list-item > a{font-size:var( --e-global-typography-text-font-size );line-height:var( --e-global-typography-text-line-height );}.elementor-279 .elementor-element.elementor-element-49a4c035{padding:80px 10px 80px 10px;}.elementor-279 .elementor-element.elementor-element-171002f > .elementor-element-populated{margin:0px 0px 0px 0px;--e-column-margin-right:0px;--e-column-margin-left:0px;}.elementor-279 .elementor-element.elementor-element-67fea673 > .elementor-element-populated{margin:40px 0px 0px 0px;--e-column-margin-right:0px;--e-column-margin-left:0px;padding:0px 0px 0px 0px;}.elementor-279 .elementor-element.elementor-element-40d51f67 .elementor-heading-title{font-size:var( --e-global-typography-274f2d8-font-size );line-height:var( --e-global-typography-274f2d8-line-height );}.elementor-279 .elementor-element.elementor-element-7048245{font-size:var( --e-global-typography-text-font-size );line-height:var( --e-global-typography-text-line-height );}}@media(max-width:767px){.elementor-279 .elementor-element.elementor-element-6c24b76b{margin-top:0px;margin-bottom:0px;padding:152px 10px 30px 10px;}.elementor-279 .elementor-element.elementor-element-46506848 .elementor-heading-title{font-size:var( --e-global-typography-secondary-font-size );line-height:var( --e-global-typography-secondary-line-height );}.elementor-279 .elementor-element.elementor-element-592cc1d .elementor-icon-list-item > .elementor-icon-list-text, .elementor-279 .elementor-element.elementor-element-592cc1d .elementor-icon-list-item > a{font-size:var( --e-global-typography-text-font-size );line-height:var( --e-global-typography-text-line-height );}.elementor-279 .elementor-element.elementor-element-49a4c035{padding:40px 10px 40px 10px;}.elementor-279 .elementor-element.elementor-element-171002f > .elementor-element-populated{margin:0px 0px 0px 0px;--e-column-margin-right:0px;--e-column-margin-left:0px;}.elementor-279 .elementor-element.elementor-element-40d51f67 .elementor-heading-title{font-size:var( --e-global-typography-274f2d8-font-size );line-height:var( --e-global-typography-274f2d8-line-height );}.elementor-279 .elementor-element.elementor-element-7048245{text-align:justify;font-size:var( --e-global-typography-text-font-size );line-height:var( --e-global-typography-text-line-height );}}@media(min-width:768px){.elementor-279 .elementor-element.elementor-element-171002f{width:53.304%;}.elementor-279 .elementor-element.elementor-element-67fea673{width:46.652%;}}@media(max-width:1024px) and (min-width:768px){.elementor-279 .elementor-element.elementor-element-171002f{width:100%;}.elementor-279 .elementor-element.elementor-element-67fea673{width:100%;}}<\/style>\t\t<div data-elementor-type=\"wp-page\" data-elementor-id=\"279\" class=\"elementor elementor-279\">\n\t\t\t\t\t\t<section class=\"elementor-section elementor-top-section elementor-element elementor-element-6c24b76b elementor-section-boxed elementor-section-height-default elementor-section-height-default\" data-id=\"6c24b76b\" data-element_type=\"section\" data-settings=\"{&quot;background_background&quot;:&quot;classic&quot;,&quot;ekit_has_onepagescroll_dot&quot;:&quot;yes&quot;}\">\n\t\t\t\t\t\t\t<div class=\"elementor-background-overlay\"><\/div>\n\t\t\t\t\t\t\t<div class=\"elementor-container elementor-column-gap-default\">\n\t\t\t\t\t<div class=\"elementor-column elementor-col-100 elementor-top-column elementor-element elementor-element-67b1f584\" data-id=\"67b1f584\" data-element_type=\"column\">\n\t\t\t<div class=\"elementor-widget-wrap elementor-element-populated\">\n\t\t\t\t\t\t<div class=\"elementor-element elementor-element-46506848 elementor-widget elementor-widget-heading\" data-id=\"46506848\" data-element_type=\"widget\" data-settings=\"{&quot;ekit_we_effect_on&quot;:&quot;none&quot;}\" data-widget_type=\"heading.default\">\n\t\t\t\t<div class=\"elementor-widget-container\">\n\t\t\t\t\t<h2 class=\"elementor-heading-title elementor-size-default\">Curvas de nivel<\/h2>\t\t\t\t<\/div>\n\t\t\t\t<\/div>\n\t\t\t\t<div class=\"elementor-element elementor-element-592cc1d elementor-icon-list--layout-inline elementor-align-center elementor-list-item-link-full_width elementor-widget elementor-widget-icon-list\" data-id=\"592cc1d\" data-element_type=\"widget\" data-settings=\"{&quot;ekit_we_effect_on&quot;:&quot;none&quot;}\" data-widget_type=\"icon-list.default\">\n\t\t\t\t<div class=\"elementor-widget-container\">\n\t\t\t\t\t\t\t<ul class=\"elementor-icon-list-items elementor-inline-items\">\n\t\t\t\t\t\t\t<li class=\"elementor-icon-list-item elementor-inline-item\">\n\t\t\t\t\t\t\t\t\t\t<span class=\"elementor-icon-list-text\">Home<\/span>\n\t\t\t\t\t\t\t\t\t<\/li>\n\t\t\t\t\t\t\t\t<li class=\"elementor-icon-list-item elementor-inline-item\">\n\t\t\t\t\t\t\t\t\t\t\t<span class=\"elementor-icon-list-icon\">\n\t\t\t\t\t\t\t<i aria-hidden=\"true\" class=\"fas fa-chevron-right\"><\/i>\t\t\t\t\t\t<\/span>\n\t\t\t\t\t\t\t\t\t\t<span class=\"elementor-icon-list-text\">Servicios<\/span>\n\t\t\t\t\t\t\t\t\t<\/li>\n\t\t\t\t\t\t<\/ul>\n\t\t\t\t\t\t<\/div>\n\t\t\t\t<\/div>\n\t\t\t\t\t<\/div>\n\t\t<\/div>\n\t\t\t\t\t<\/div>\n\t\t<\/section>\n\t\t\t\t<section class=\"elementor-section elementor-top-section elementor-element elementor-element-49a4c035 elementor-section-boxed elementor-section-height-default elementor-section-height-default\" data-id=\"49a4c035\" data-element_type=\"section\" data-settings=\"{&quot;ekit_has_onepagescroll_dot&quot;:&quot;yes&quot;}\">\n\t\t\t\t\t\t<div class=\"elementor-container elementor-column-gap-default\">\n\t\t\t\t\t<div class=\"elementor-column elementor-col-100 elementor-top-column elementor-element elementor-element-68776278\" data-id=\"68776278\" data-element_type=\"column\">\n\t\t\t<div class=\"elementor-widget-wrap elementor-element-populated\">\n\t\t\t\t\t\t<section class=\"elementor-section elementor-inner-section elementor-element elementor-element-4486b0fb elementor-section-content-middle elementor-section-boxed elementor-section-height-default elementor-section-height-default\" data-id=\"4486b0fb\" data-element_type=\"section\" data-settings=\"{&quot;ekit_has_onepagescroll_dot&quot;:&quot;yes&quot;}\">\n\t\t\t\t\t\t<div class=\"elementor-container elementor-column-gap-no\">\n\t\t\t\t\t<div class=\"elementor-column elementor-col-50 elementor-inner-column elementor-element elementor-element-171002f\" data-id=\"171002f\" data-element_type=\"column\">\n\t\t\t<div class=\"elementor-widget-wrap elementor-element-populated\">\n\t\t\t\t\t\t<div class=\"elementor-element elementor-element-c844688 elementor-widget elementor-widget-image\" data-id=\"c844688\" data-element_type=\"widget\" data-settings=\"{&quot;ekit_we_effect_on&quot;:&quot;none&quot;}\" data-widget_type=\"image.default\">\n\t\t\t\t<div class=\"elementor-widget-container\">\n\t\t\t\t\t\t\t\t\t\t\t\t\t\t\t<img fetchpriority=\"high\" decoding=\"async\" width=\"669\" height=\"374\" src=\"https:\/\/batimetria.com.co\/wp-content\/uploads\/2022\/03\/cxc.png\" class=\"attachment-large size-large wp-image-439\" alt=\"\" srcset=\"https:\/\/batimetria.com.co\/wp-content\/uploads\/2022\/03\/cxc.png 669w, https:\/\/batimetria.com.co\/wp-content\/uploads\/2022\/03\/cxc-300x168.png 300w\" sizes=\"(max-width: 669px) 100vw, 669px\" \/>\t\t\t\t\t\t\t\t\t\t\t\t\t\t\t<\/div>\n\t\t\t\t<\/div>\n\t\t\t\t<div class=\"elementor-element elementor-element-a9a0c81 elementor-widget elementor-widget-text-editor\" data-id=\"a9a0c81\" data-element_type=\"widget\" data-settings=\"{&quot;ekit_we_effect_on&quot;:&quot;none&quot;}\" data-widget_type=\"text-editor.default\">\n\t\t\t\t<div class=\"elementor-widget-container\">\n\t\t\t\t\t\t\t\t\t<p>Curvas de Nivel.<\/p>\t\t\t\t\t\t\t\t<\/div>\n\t\t\t\t<\/div>\n\t\t\t\t\t<\/div>\n\t\t<\/div>\n\t\t\t\t<div class=\"elementor-column elementor-col-50 elementor-inner-column elementor-element elementor-element-67fea673\" data-id=\"67fea673\" data-element_type=\"column\">\n\t\t\t<div class=\"elementor-widget-wrap elementor-element-populated\">\n\t\t\t\t\t\t<div class=\"elementor-element elementor-element-40d51f67 elementor-widget elementor-widget-heading\" data-id=\"40d51f67\" data-element_type=\"widget\" data-settings=\"{&quot;ekit_we_effect_on&quot;:&quot;none&quot;}\" data-widget_type=\"heading.default\">\n\t\t\t\t<div class=\"elementor-widget-container\">\n\t\t\t\t\t<h3 class=\"elementor-heading-title elementor-size-default\">Curvas de nivel<\/h3>\t\t\t\t<\/div>\n\t\t\t\t<\/div>\n\t\t\t\t<div class=\"elementor-element elementor-element-7048245 elementor-widget elementor-widget-text-editor\" data-id=\"7048245\" data-element_type=\"widget\" data-settings=\"{&quot;ekit_we_effect_on&quot;:&quot;none&quot;}\" data-widget_type=\"text-editor.default\">\n\t\t\t\t<div class=\"elementor-widget-container\">\n\t\t\t\t\t\t\t\t\t<p>Derivadas de los levantamientos topogr\u00e1ficos, batim\u00e9tricos, fotogram\u00e9tricos y Lidar, se generan las curvas de nivel seg\u00fan las convenciones establecidas por los usuarios (colores, tipos de l\u00edneas, sombreados, etc.) y en los formatos vectoriales estandarizados (DXF, DWG, DGN, Shapefile).<\/p><p>Las curvas de nivel son el m\u00e9todo cartogr\u00e1fico m\u00e1s com\u00fan para representar la altitud de la superficie. A partir de las curvas de nivel, la variable Z del terreno puede ser expresada en un plano bidimensional.<\/p>\t\t\t\t\t\t\t\t<\/div>\n\t\t\t\t<\/div>\n\t\t\t\t\t<\/div>\n\t\t<\/div>\n\t\t\t\t\t<\/div>\n\t\t<\/section>\n\t\t\t\t\t<\/div>\n\t\t<\/div>\n\t\t\t\t\t<\/div>\n\t\t<\/section>\n\t\t\t\t<\/div>\n\t\t","protected":false},"excerpt":{"rendered":"<p>Curvas de nivel Home Servicios Curvas de Nivel. Curvas de nivel Derivadas de los levantamientos topogr\u00e1ficos, batim\u00e9tricos, fotogram\u00e9tricos y Lidar, se generan las curvas de nivel seg\u00fan las convenciones establecidas por los usuarios (colores, tipos de l\u00edneas, sombreados, etc.) y en los formatos vectoriales estandarizados (DXF, DWG, DGN, Shapefile). Las curvas de nivel son el [&hellip;]<\/p>\n","protected":false},"author":1,"featured_media":0,"parent":0,"menu_order":0,"comment_status":"closed","ping_status":"closed","template":"elementor_header_footer","meta":{"site-sidebar-layout":"no-sidebar","site-content-layout":"page-builder","ast-site-content-layout":"default","site-content-style":"default","site-sidebar-style":"default","ast-global-header-display":"","ast-banner-title-visibility":"","ast-main-header-display":"","ast-hfb-above-header-display":"","ast-hfb-below-header-display":"","ast-hfb-mobile-header-display":"","site-post-title":"disabled","ast-breadcrumbs-content":"","ast-featured-img":"disabled","footer-sml-layout":"","theme-transparent-header-meta":"","adv-header-id-meta":"","stick-header-meta":"","header-above-stick-meta":"","header-main-stick-meta":"","header-below-stick-meta":"","astra-migrate-meta-layouts":"default","ast-page-background-enabled":"default","ast-page-background-meta":{"desktop":{"background-color":"var(--ast-global-color-4)","background-image":"","background-repeat":"repeat","background-position":"center center","background-size":"auto","background-attachment":"scroll","background-type":"","background-media":"","overlay-type":"","overlay-color":"","overlay-opacity":"","overlay-gradient":""},"tablet":{"background-color":"","background-image":"","background-repeat":"repeat","background-position":"center center","background-size":"auto","background-attachment":"scroll","background-type":"","background-media":"","overlay-type":"","overlay-color":"","overlay-opacity":"","overlay-gradient":""},"mobile":{"background-color":"","background-image":"","background-repeat":"repeat","background-position":"center center","background-size":"auto","background-attachment":"scroll","background-type":"","background-media":"","overlay-type":"","overlay-color":"","overlay-opacity":"","overlay-gradient":""}},"ast-content-background-meta":{"desktop":{"background-color":"var(--ast-global-color-5)","background-image":"","background-repeat":"repeat","background-position":"center center","background-size":"auto","background-attachment":"scroll","background-type":"","background-media":"","overlay-type":"","overlay-color":"","overlay-opacity":"","overlay-gradient":""},"tablet":{"background-color":"var(--ast-global-color-5)","background-image":"","background-repeat":"repeat","background-position":"center center","background-size":"auto","background-attachment":"scroll","background-type":"","background-media":"","overlay-type":"","overlay-color":"","overlay-opacity":"","overlay-gradient":""},"mobile":{"background-color":"var(--ast-global-color-5)","background-image":"","background-repeat":"repeat","background-position":"center center","background-size":"auto","background-attachment":"scroll","background-type":"","background-media":"","overlay-type":"","overlay-color":"","overlay-opacity":"","overlay-gradient":""}},"footnotes":""},"class_list":["post-279","page","type-page","status-publish","hentry"],"_links":{"self":[{"href":"https:\/\/batimetria.com.co\/index.php\/wp-json\/wp\/v2\/pages\/279","targetHints":{"allow":["GET"]}}],"collection":[{"href":"https:\/\/batimetria.com.co\/index.php\/wp-json\/wp\/v2\/pages"}],"about":[{"href":"https:\/\/batimetria.com.co\/index.php\/wp-json\/wp\/v2\/types\/page"}],"author":[{"embeddable":true,"href":"https:\/\/batimetria.com.co\/index.php\/wp-json\/wp\/v2\/users\/1"}],"replies":[{"embeddable":true,"href":"https:\/\/batimetria.com.co\/index.php\/wp-json\/wp\/v2\/comments?post=279"}],"version-history":[{"count":19,"href":"https:\/\/batimetria.com.co\/index.php\/wp-json\/wp\/v2\/pages\/279\/revisions"}],"predecessor-version":[{"id":1135,"href":"https:\/\/batimetria.com.co\/index.php\/wp-json\/wp\/v2\/pages\/279\/revisions\/1135"}],"wp:attachment":[{"href":"https:\/\/batimetria.com.co\/index.php\/wp-json\/wp\/v2\/media?parent=279"}],"curies":[{"name":"wp","href":"https:\/\/api.w.org\/{rel}","templated":true}]}}