{"id":215,"date":"2022-03-22T20:23:00","date_gmt":"2022-03-22T20:23:00","guid":{"rendered":"https:\/\/batimetria.com.co\/?page_id=215"},"modified":"2022-05-06T13:37:11","modified_gmt":"2022-05-06T13:37:11","slug":"estudio-de-corrientes","status":"publish","type":"page","link":"https:\/\/batimetria.com.co\/index.php\/estudio-de-corrientes\/","title":{"rendered":"Estudio de corrientes"},"content":{"rendered":"<style>.elementor-215 .elementor-element.elementor-element-29cbc805:not(.elementor-motion-effects-element-type-background), .elementor-215 .elementor-element.elementor-element-29cbc805 > .elementor-motion-effects-container > .elementor-motion-effects-layer{background-image:url(\"https:\/\/batimetria.com.co\/wp-content\/uploads\/2022\/03\/32.png\");background-position:0px 28%;background-repeat:no-repeat;background-size:cover;}.elementor-215 .elementor-element.elementor-element-29cbc805 > .elementor-background-overlay{background-color:#181C28;opacity:0.9;transition:background 0.3s, border-radius 0.3s, opacity 0.3s;}.elementor-215 .elementor-element.elementor-element-29cbc805 > .elementor-container{max-width:1170px;}.elementor-215 .elementor-element.elementor-element-29cbc805{transition:background 0.3s, border 0.3s, border-radius 0.3s, box-shadow 0.3s;padding:200px 0px 140px 0px;z-index:0;overflow:visible;}.elementor-215 .elementor-element.elementor-element-2aa2f9db{text-align:center;}.elementor-215 .elementor-element.elementor-element-2aa2f9db .elementor-heading-title{font-family:var( --e-global-typography-secondary-font-family ), Sans-serif;font-size:var( --e-global-typography-secondary-font-size );font-weight:var( --e-global-typography-secondary-font-weight );text-transform:var( --e-global-typography-secondary-text-transform );line-height:var( --e-global-typography-secondary-line-height );color:#FFFFFF;}.elementor-215 .elementor-element.elementor-element-1c966ebf > .elementor-widget-container{margin:-5px 0px 0px 0px;}.elementor-215 .elementor-element.elementor-element-1c966ebf .elementor-icon-list-items:not(.elementor-inline-items) .elementor-icon-list-item:not(:last-child){padding-block-end:calc(5px\/2);}.elementor-215 .elementor-element.elementor-element-1c966ebf .elementor-icon-list-items:not(.elementor-inline-items) .elementor-icon-list-item:not(:first-child){margin-block-start:calc(5px\/2);}.elementor-215 .elementor-element.elementor-element-1c966ebf .elementor-icon-list-items.elementor-inline-items .elementor-icon-list-item{margin-inline:calc(5px\/2);}.elementor-215 .elementor-element.elementor-element-1c966ebf .elementor-icon-list-items.elementor-inline-items{margin-inline:calc(-5px\/2);}.elementor-215 .elementor-element.elementor-element-1c966ebf .elementor-icon-list-items.elementor-inline-items .elementor-icon-list-item:after{inset-inline-end:calc(-5px\/2);}.elementor-215 .elementor-element.elementor-element-1c966ebf .elementor-icon-list-icon i{color:var( --e-global-color-accent );transition:color 0.3s;}.elementor-215 .elementor-element.elementor-element-1c966ebf .elementor-icon-list-icon svg{fill:var( --e-global-color-accent );transition:fill 0.3s;}.elementor-215 .elementor-element.elementor-element-1c966ebf{--e-icon-list-icon-size:14px;--icon-vertical-offset:0px;}.elementor-215 .elementor-element.elementor-element-1c966ebf .elementor-icon-list-item > .elementor-icon-list-text, .elementor-215 .elementor-element.elementor-element-1c966ebf .elementor-icon-list-item > a{font-family:var( --e-global-typography-text-font-family ), Sans-serif;font-size:var( --e-global-typography-text-font-size );font-weight:var( --e-global-typography-text-font-weight );text-transform:var( --e-global-typography-text-text-transform );line-height:var( --e-global-typography-text-line-height );}.elementor-215 .elementor-element.elementor-element-1c966ebf .elementor-icon-list-text{color:#FFFFFF;transition:color 0.3s;}.elementor-215 .elementor-element.elementor-element-6b6fc729{padding:100px 0px 100px 0px;overflow:visible;}.elementor-215 .elementor-element.elementor-element-46031502 > .elementor-container > .elementor-column > .elementor-widget-wrap{align-content:center;align-items:center;}.elementor-215 .elementor-element.elementor-element-46031502{overflow:visible;}.elementor-215 .elementor-element.elementor-element-3fd7b786 > .elementor-element-populated{margin:0px 20px 0px 0px;--e-column-margin-right:20px;--e-column-margin-left:0px;}.elementor-215 .elementor-element.elementor-element-96f51bb img{width:95%;}.elementor-215 .elementor-element.elementor-element-1812671 > .elementor-widget-container{margin:-14px 0px -26px 0px;}.elementor-215 .elementor-element.elementor-element-1812671{text-align:center;font-size:12px;font-style:italic;color:#000000;}.elementor-215 .elementor-element.elementor-element-7312a13b > .elementor-element-populated{padding:0px 0px 0px 40px;}.elementor-215 .elementor-element.elementor-element-5f7acaa9 .elementor-heading-title{font-family:var( --e-global-typography-274f2d8-font-family ), Sans-serif;font-size:var( --e-global-typography-274f2d8-font-size );font-weight:var( --e-global-typography-274f2d8-font-weight );text-transform:var( --e-global-typography-274f2d8-text-transform );line-height:var( --e-global-typography-274f2d8-line-height );color:var( --e-global-color-primary );}.elementor-215 .elementor-element.elementor-element-349b5ef2 > .elementor-widget-container{margin:0px 0px -23px 0px;}.elementor-215 .elementor-element.elementor-element-349b5ef2{text-align:justify;font-family:var( --e-global-typography-text-font-family ), Sans-serif;font-size:var( --e-global-typography-text-font-size );font-weight:var( --e-global-typography-text-font-weight );text-transform:var( --e-global-typography-text-text-transform );line-height:var( --e-global-typography-text-line-height );color:var( --e-global-color-text );}.elementor-215 .elementor-element.elementor-element-5a449aeb .elementor-icon-list-items:not(.elementor-inline-items) .elementor-icon-list-item:not(:last-child){padding-block-end:calc(4px\/2);}.elementor-215 .elementor-element.elementor-element-5a449aeb .elementor-icon-list-items:not(.elementor-inline-items) .elementor-icon-list-item:not(:first-child){margin-block-start:calc(4px\/2);}.elementor-215 .elementor-element.elementor-element-5a449aeb .elementor-icon-list-items.elementor-inline-items .elementor-icon-list-item{margin-inline:calc(4px\/2);}.elementor-215 .elementor-element.elementor-element-5a449aeb .elementor-icon-list-items.elementor-inline-items{margin-inline:calc(-4px\/2);}.elementor-215 .elementor-element.elementor-element-5a449aeb .elementor-icon-list-items.elementor-inline-items .elementor-icon-list-item:after{inset-inline-end:calc(-4px\/2);}.elementor-215 .elementor-element.elementor-element-5a449aeb .elementor-icon-list-icon i{transition:color 0.3s;}.elementor-215 .elementor-element.elementor-element-5a449aeb .elementor-icon-list-icon svg{transition:fill 0.3s;}.elementor-215 .elementor-element.elementor-element-5a449aeb{--e-icon-list-icon-size:14px;--icon-vertical-offset:0px;}.elementor-215 .elementor-element.elementor-element-5a449aeb .elementor-icon-list-text{transition:color 0.3s;}@media(max-width:1024px){.elementor-215 .elementor-element.elementor-element-29cbc805:not(.elementor-motion-effects-element-type-background), .elementor-215 .elementor-element.elementor-element-29cbc805 > .elementor-motion-effects-container > .elementor-motion-effects-layer{background-position:center center;}.elementor-215 .elementor-element.elementor-element-29cbc805{margin-top:0px;margin-bottom:0px;padding:210px 0px 140px 0px;}.elementor-215 .elementor-element.elementor-element-2aa2f9db .elementor-heading-title{font-size:var( --e-global-typography-secondary-font-size );line-height:var( --e-global-typography-secondary-line-height );}.elementor-215 .elementor-element.elementor-element-1c966ebf .elementor-icon-list-item > .elementor-icon-list-text, .elementor-215 .elementor-element.elementor-element-1c966ebf .elementor-icon-list-item > a{font-size:var( --e-global-typography-text-font-size );line-height:var( --e-global-typography-text-line-height );}.elementor-215 .elementor-element.elementor-element-6b6fc729{padding:80px 10px 80px 10px;}.elementor-215 .elementor-element.elementor-element-3fd7b786 > .elementor-element-populated{margin:0px 0px 0px 0px;--e-column-margin-right:0px;--e-column-margin-left:0px;}.elementor-215 .elementor-element.elementor-element-7312a13b > .elementor-element-populated{margin:40px 0px 0px 0px;--e-column-margin-right:0px;--e-column-margin-left:0px;padding:0px 0px 0px 0px;}.elementor-215 .elementor-element.elementor-element-5f7acaa9 .elementor-heading-title{font-size:var( --e-global-typography-274f2d8-font-size );line-height:var( --e-global-typography-274f2d8-line-height );}.elementor-215 .elementor-element.elementor-element-349b5ef2{font-size:var( --e-global-typography-text-font-size );line-height:var( --e-global-typography-text-line-height );}}@media(max-width:767px){.elementor-215 .elementor-element.elementor-element-29cbc805{margin-top:0px;margin-bottom:0px;padding:152px 10px 30px 10px;}.elementor-215 .elementor-element.elementor-element-2aa2f9db .elementor-heading-title{font-size:var( --e-global-typography-secondary-font-size );line-height:var( --e-global-typography-secondary-line-height );}.elementor-215 .elementor-element.elementor-element-1c966ebf .elementor-icon-list-item > .elementor-icon-list-text, .elementor-215 .elementor-element.elementor-element-1c966ebf .elementor-icon-list-item > a{font-size:var( --e-global-typography-text-font-size );line-height:var( --e-global-typography-text-line-height );}.elementor-215 .elementor-element.elementor-element-6b6fc729{padding:40px 10px 40px 10px;}.elementor-215 .elementor-element.elementor-element-3fd7b786 > .elementor-element-populated{margin:0px 0px 0px 0px;--e-column-margin-right:0px;--e-column-margin-left:0px;}.elementor-215 .elementor-element.elementor-element-96f51bb img{width:100%;}.elementor-215 .elementor-element.elementor-element-5f7acaa9 .elementor-heading-title{font-size:var( --e-global-typography-274f2d8-font-size );line-height:var( --e-global-typography-274f2d8-line-height );}.elementor-215 .elementor-element.elementor-element-349b5ef2{text-align:justify;font-size:var( --e-global-typography-text-font-size );line-height:var( --e-global-typography-text-line-height );}}@media(min-width:768px){.elementor-215 .elementor-element.elementor-element-3fd7b786{width:53.304%;}.elementor-215 .elementor-element.elementor-element-7312a13b{width:46.652%;}}@media(max-width:1024px) and (min-width:768px){.elementor-215 .elementor-element.elementor-element-3fd7b786{width:100%;}.elementor-215 .elementor-element.elementor-element-7312a13b{width:100%;}}<\/style>\t\t<div data-elementor-type=\"wp-page\" data-elementor-id=\"215\" class=\"elementor elementor-215\">\n\t\t\t\t\t\t<section class=\"elementor-section elementor-top-section elementor-element elementor-element-29cbc805 elementor-section-boxed elementor-section-height-default elementor-section-height-default\" data-id=\"29cbc805\" data-element_type=\"section\" data-settings=\"{&quot;background_background&quot;:&quot;classic&quot;,&quot;ekit_has_onepagescroll_dot&quot;:&quot;yes&quot;}\">\n\t\t\t\t\t\t\t<div class=\"elementor-background-overlay\"><\/div>\n\t\t\t\t\t\t\t<div class=\"elementor-container elementor-column-gap-default\">\n\t\t\t\t\t<div class=\"elementor-column elementor-col-100 elementor-top-column elementor-element elementor-element-77d84006\" data-id=\"77d84006\" data-element_type=\"column\">\n\t\t\t<div class=\"elementor-widget-wrap elementor-element-populated\">\n\t\t\t\t\t\t<div class=\"elementor-element elementor-element-2aa2f9db elementor-widget elementor-widget-heading\" data-id=\"2aa2f9db\" data-element_type=\"widget\" data-settings=\"{&quot;ekit_we_effect_on&quot;:&quot;none&quot;}\" data-widget_type=\"heading.default\">\n\t\t\t\t<div class=\"elementor-widget-container\">\n\t\t\t\t\t<h2 class=\"elementor-heading-title elementor-size-default\">Estudio de corrientes<\/h2>\t\t\t\t<\/div>\n\t\t\t\t<\/div>\n\t\t\t\t<div class=\"elementor-element elementor-element-1c966ebf elementor-icon-list--layout-inline elementor-align-center elementor-list-item-link-full_width elementor-widget elementor-widget-icon-list\" data-id=\"1c966ebf\" data-element_type=\"widget\" data-settings=\"{&quot;ekit_we_effect_on&quot;:&quot;none&quot;}\" data-widget_type=\"icon-list.default\">\n\t\t\t\t<div class=\"elementor-widget-container\">\n\t\t\t\t\t\t\t<ul class=\"elementor-icon-list-items elementor-inline-items\">\n\t\t\t\t\t\t\t<li class=\"elementor-icon-list-item elementor-inline-item\">\n\t\t\t\t\t\t\t\t\t\t<span class=\"elementor-icon-list-text\">Home<\/span>\n\t\t\t\t\t\t\t\t\t<\/li>\n\t\t\t\t\t\t\t\t<li class=\"elementor-icon-list-item elementor-inline-item\">\n\t\t\t\t\t\t\t\t\t\t\t<span class=\"elementor-icon-list-icon\">\n\t\t\t\t\t\t\t<i aria-hidden=\"true\" class=\"fas fa-chevron-right\"><\/i>\t\t\t\t\t\t<\/span>\n\t\t\t\t\t\t\t\t\t\t<span class=\"elementor-icon-list-text\">Servicios<\/span>\n\t\t\t\t\t\t\t\t\t<\/li>\n\t\t\t\t\t\t<\/ul>\n\t\t\t\t\t\t<\/div>\n\t\t\t\t<\/div>\n\t\t\t\t\t<\/div>\n\t\t<\/div>\n\t\t\t\t\t<\/div>\n\t\t<\/section>\n\t\t\t\t<section class=\"elementor-section elementor-top-section elementor-element elementor-element-6b6fc729 elementor-section-boxed elementor-section-height-default elementor-section-height-default\" data-id=\"6b6fc729\" data-element_type=\"section\" data-settings=\"{&quot;ekit_has_onepagescroll_dot&quot;:&quot;yes&quot;}\">\n\t\t\t\t\t\t<div class=\"elementor-container elementor-column-gap-default\">\n\t\t\t\t\t<div class=\"elementor-column elementor-col-100 elementor-top-column elementor-element elementor-element-37c3279a\" data-id=\"37c3279a\" data-element_type=\"column\">\n\t\t\t<div class=\"elementor-widget-wrap elementor-element-populated\">\n\t\t\t\t\t\t<section class=\"elementor-section elementor-inner-section elementor-element elementor-element-46031502 elementor-section-content-middle elementor-section-boxed elementor-section-height-default elementor-section-height-default\" data-id=\"46031502\" data-element_type=\"section\" data-settings=\"{&quot;ekit_has_onepagescroll_dot&quot;:&quot;yes&quot;}\">\n\t\t\t\t\t\t<div class=\"elementor-container elementor-column-gap-no\">\n\t\t\t\t\t<div class=\"elementor-column elementor-col-50 elementor-inner-column elementor-element elementor-element-3fd7b786\" data-id=\"3fd7b786\" data-element_type=\"column\">\n\t\t\t<div class=\"elementor-widget-wrap elementor-element-populated\">\n\t\t\t\t\t\t<div class=\"elementor-element elementor-element-96f51bb elementor-widget elementor-widget-image\" data-id=\"96f51bb\" data-element_type=\"widget\" data-settings=\"{&quot;ekit_we_effect_on&quot;:&quot;none&quot;}\" data-widget_type=\"image.default\">\n\t\t\t\t<div class=\"elementor-widget-container\">\n\t\t\t\t\t\t\t\t\t\t\t\t\t\t\t<img fetchpriority=\"high\" decoding=\"async\" width=\"281\" height=\"205\" src=\"https:\/\/batimetria.com.co\/wp-content\/uploads\/2022\/03\/32.png\" class=\"attachment-large size-large wp-image-360\" alt=\"\" \/>\t\t\t\t\t\t\t\t\t\t\t\t\t\t\t<\/div>\n\t\t\t\t<\/div>\n\t\t\t\t<div class=\"elementor-element elementor-element-1812671 elementor-widget elementor-widget-text-editor\" data-id=\"1812671\" data-element_type=\"widget\" data-settings=\"{&quot;ekit_we_effect_on&quot;:&quot;none&quot;}\" data-widget_type=\"text-editor.default\">\n\t\t\t\t<div class=\"elementor-widget-container\">\n\t\t\t\t\t\t\t\t\t<p>Perfilador de corriente ac\u00fastico doppler (ADCP) River Ray RDI i<\/p>\t\t\t\t\t\t\t\t<\/div>\n\t\t\t\t<\/div>\n\t\t\t\t\t<\/div>\n\t\t<\/div>\n\t\t\t\t<div class=\"elementor-column elementor-col-50 elementor-inner-column elementor-element elementor-element-7312a13b\" data-id=\"7312a13b\" data-element_type=\"column\">\n\t\t\t<div class=\"elementor-widget-wrap elementor-element-populated\">\n\t\t\t\t\t\t<div class=\"elementor-element elementor-element-5f7acaa9 elementor-widget elementor-widget-heading\" data-id=\"5f7acaa9\" data-element_type=\"widget\" data-settings=\"{&quot;ekit_we_effect_on&quot;:&quot;none&quot;}\" data-widget_type=\"heading.default\">\n\t\t\t\t<div class=\"elementor-widget-container\">\n\t\t\t\t\t<h3 class=\"elementor-heading-title elementor-size-default\">Estudio de corrientes<\/h3>\t\t\t\t<\/div>\n\t\t\t\t<\/div>\n\t\t\t\t<div class=\"elementor-element elementor-element-349b5ef2 elementor-widget elementor-widget-text-editor\" data-id=\"349b5ef2\" data-element_type=\"widget\" data-settings=\"{&quot;ekit_we_effect_on&quot;:&quot;none&quot;}\" data-widget_type=\"text-editor.default\">\n\t\t\t\t<div class=\"elementor-widget-container\">\n\t\t\t\t\t\t\t\t\t<p>Con un perfilador de corriente ac\u00fastico doppler (ADCP) River Ray RDI instrumento liviano, sencillo y f\u00e1cil de transportar se mide la velocidad de corriente en mar, r\u00edos y otros cuerpos de agua y de molinete para diferentes tipos de estudios. Con la tecnolog\u00eda ADCP es posible medir altura de olas tras an\u00e1lisis de serie de los datos.<\/p><p>Servicios con ADCP:<\/p>\t\t\t\t\t\t\t\t<\/div>\n\t\t\t\t<\/div>\n\t\t\t\t<div class=\"elementor-element elementor-element-5a449aeb elementor-icon-list--layout-traditional elementor-list-item-link-full_width elementor-widget elementor-widget-icon-list\" data-id=\"5a449aeb\" data-element_type=\"widget\" data-settings=\"{&quot;ekit_we_effect_on&quot;:&quot;none&quot;}\" data-widget_type=\"icon-list.default\">\n\t\t\t\t<div class=\"elementor-widget-container\">\n\t\t\t\t\t\t\t<ul class=\"elementor-icon-list-items\">\n\t\t\t\t\t\t\t<li class=\"elementor-icon-list-item\">\n\t\t\t\t\t\t\t\t\t\t\t<span class=\"elementor-icon-list-icon\">\n\t\t\t\t\t\t\t<i aria-hidden=\"true\" class=\"fas fa-check\"><\/i>\t\t\t\t\t\t<\/span>\n\t\t\t\t\t\t\t\t\t\t<span class=\"elementor-icon-list-text\">Plano de localizaci\u00f3n de los aforos<\/span>\n\t\t\t\t\t\t\t\t\t<\/li>\n\t\t\t\t\t\t\t\t<li class=\"elementor-icon-list-item\">\n\t\t\t\t\t\t\t\t\t\t\t<span class=\"elementor-icon-list-icon\">\n\t\t\t\t\t\t\t<i aria-hidden=\"true\" class=\"fas fa-check\"><\/i>\t\t\t\t\t\t<\/span>\n\t\t\t\t\t\t\t\t\t\t<span class=\"elementor-icon-list-text\">Ficha t\u00e9cnica por aforo realizado, en la cual se observan las velocidades del cauce<\/span>\n\t\t\t\t\t\t\t\t\t<\/li>\n\t\t\t\t\t\t\t\t<li class=\"elementor-icon-list-item\">\n\t\t\t\t\t\t\t\t\t\t\t<span class=\"elementor-icon-list-icon\">\n\t\t\t\t\t\t\t<i aria-hidden=\"true\" class=\"fas fa-check\"><\/i>\t\t\t\t\t\t<\/span>\n\t\t\t\t\t\t\t\t\t\t<span class=\"elementor-icon-list-text\">Informaci\u00f3n generada por el software de aforo para la obtenci\u00f3n del caudal alto, medio y bajo<\/span>\n\t\t\t\t\t\t\t\t\t<\/li>\n\t\t\t\t\t\t\t\t<li class=\"elementor-icon-list-item\">\n\t\t\t\t\t\t\t\t\t\t\t<span class=\"elementor-icon-list-icon\">\n\t\t\t\t\t\t\t<i aria-hidden=\"true\" class=\"fas fa-check\"><\/i>\t\t\t\t\t\t<\/span>\n\t\t\t\t\t\t\t\t\t\t<span class=\"elementor-icon-list-text\">An\u00e1lisis de series hist\u00f3ricas<\/span>\n\t\t\t\t\t\t\t\t\t<\/li>\n\t\t\t\t\t\t\t\t<li class=\"elementor-icon-list-item\">\n\t\t\t\t\t\t\t\t\t\t\t<span class=\"elementor-icon-list-icon\">\n\t\t\t\t\t\t\t<i aria-hidden=\"true\" class=\"fas fa-check\"><\/i>\t\t\t\t\t\t<\/span>\n\t\t\t\t\t\t\t\t\t\t<span class=\"elementor-icon-list-text\">An\u00e1lisis de evaluaci\u00f3n de orillas<\/span>\n\t\t\t\t\t\t\t\t\t<\/li>\n\t\t\t\t\t\t\t\t<li class=\"elementor-icon-list-item\">\n\t\t\t\t\t\t\t\t\t\t\t<span class=\"elementor-icon-list-icon\">\n\t\t\t\t\t\t\t<i aria-hidden=\"true\" class=\"fas fa-check\"><\/i>\t\t\t\t\t\t<\/span>\n\t\t\t\t\t\t\t\t\t\t<span class=\"elementor-icon-list-text\">An\u00e1lisis de perfiles sedimentol\u00f3gicos<\/span>\n\t\t\t\t\t\t\t\t\t<\/li>\n\t\t\t\t\t\t\t\t<li class=\"elementor-icon-list-item\">\n\t\t\t\t\t\t\t\t\t\t\t<span class=\"elementor-icon-list-icon\">\n\t\t\t\t\t\t\t<i aria-hidden=\"true\" class=\"fas fa-check\"><\/i>\t\t\t\t\t\t<\/span>\n\t\t\t\t\t\t\t\t\t\t<span class=\"elementor-icon-list-text\">An\u00e1lisis de los caudales producto de la generaci\u00f3n del embalse<\/span>\n\t\t\t\t\t\t\t\t\t<\/li>\n\t\t\t\t\t\t\t\t<li class=\"elementor-icon-list-item\">\n\t\t\t\t\t\t\t\t\t\t\t<span class=\"elementor-icon-list-icon\">\n\t\t\t\t\t\t\t<i aria-hidden=\"true\" class=\"fas fa-check\"><\/i>\t\t\t\t\t\t<\/span>\n\t\t\t\t\t\t\t\t\t\t<span class=\"elementor-icon-list-text\">Entrega de resultados de aforo l\u00edquido <\/span>\n\t\t\t\t\t\t\t\t\t<\/li>\n\t\t\t\t\t\t<\/ul>\n\t\t\t\t\t\t<\/div>\n\t\t\t\t<\/div>\n\t\t\t\t\t<\/div>\n\t\t<\/div>\n\t\t\t\t\t<\/div>\n\t\t<\/section>\n\t\t\t\t\t<\/div>\n\t\t<\/div>\n\t\t\t\t\t<\/div>\n\t\t<\/section>\n\t\t\t\t<\/div>\n\t\t","protected":false},"excerpt":{"rendered":"<p>Estudio de corrientes Home Servicios Perfilador de corriente ac\u00fastico doppler (ADCP) River Ray RDI i Estudio de corrientes Con un perfilador de corriente ac\u00fastico doppler (ADCP) River Ray RDI instrumento liviano, sencillo y f\u00e1cil de transportar se mide la velocidad de corriente en mar, r\u00edos y otros cuerpos de agua y de molinete para diferentes [&hellip;]<\/p>\n","protected":false},"author":1,"featured_media":0,"parent":0,"menu_order":0,"comment_status":"closed","ping_status":"closed","template":"elementor_header_footer","meta":{"site-sidebar-layout":"no-sidebar","site-content-layout":"page-builder","ast-site-content-layout":"default","site-content-style":"default","site-sidebar-style":"default","ast-global-header-display":"","ast-banner-title-visibility":"","ast-main-header-display":"","ast-hfb-above-header-display":"","ast-hfb-below-header-display":"","ast-hfb-mobile-header-display":"","site-post-title":"disabled","ast-breadcrumbs-content":"","ast-featured-img":"disabled","footer-sml-layout":"","theme-transparent-header-meta":"","adv-header-id-meta":"","stick-header-meta":"","header-above-stick-meta":"","header-main-stick-meta":"","header-below-stick-meta":"","astra-migrate-meta-layouts":"default","ast-page-background-enabled":"default","ast-page-background-meta":{"desktop":{"background-color":"var(--ast-global-color-4)","background-image":"","background-repeat":"repeat","background-position":"center center","background-size":"auto","background-attachment":"scroll","background-type":"","background-media":"","overlay-type":"","overlay-color":"","overlay-opacity":"","overlay-gradient":""},"tablet":{"background-color":"","background-image":"","background-repeat":"repeat","background-position":"center center","background-size":"auto","background-attachment":"scroll","background-type":"","background-media":"","overlay-type":"","overlay-color":"","overlay-opacity":"","overlay-gradient":""},"mobile":{"background-color":"","background-image":"","background-repeat":"repeat","background-position":"center center","background-size":"auto","background-attachment":"scroll","background-type":"","background-media":"","overlay-type":"","overlay-color":"","overlay-opacity":"","overlay-gradient":""}},"ast-content-background-meta":{"desktop":{"background-color":"var(--ast-global-color-5)","background-image":"","background-repeat":"repeat","background-position":"center center","background-size":"auto","background-attachment":"scroll","background-type":"","background-media":"","overlay-type":"","overlay-color":"","overlay-opacity":"","overlay-gradient":""},"tablet":{"background-color":"var(--ast-global-color-5)","background-image":"","background-repeat":"repeat","background-position":"center center","background-size":"auto","background-attachment":"scroll","background-type":"","background-media":"","overlay-type":"","overlay-color":"","overlay-opacity":"","overlay-gradient":""},"mobile":{"background-color":"var(--ast-global-color-5)","background-image":"","background-repeat":"repeat","background-position":"center center","background-size":"auto","background-attachment":"scroll","background-type":"","background-media":"","overlay-type":"","overlay-color":"","overlay-opacity":"","overlay-gradient":""}},"footnotes":""},"class_list":["post-215","page","type-page","status-publish","hentry"],"_links":{"self":[{"href":"https:\/\/batimetria.com.co\/index.php\/wp-json\/wp\/v2\/pages\/215","targetHints":{"allow":["GET"]}}],"collection":[{"href":"https:\/\/batimetria.com.co\/index.php\/wp-json\/wp\/v2\/pages"}],"about":[{"href":"https:\/\/batimetria.com.co\/index.php\/wp-json\/wp\/v2\/types\/page"}],"author":[{"embeddable":true,"href":"https:\/\/batimetria.com.co\/index.php\/wp-json\/wp\/v2\/users\/1"}],"replies":[{"embeddable":true,"href":"https:\/\/batimetria.com.co\/index.php\/wp-json\/wp\/v2\/comments?post=215"}],"version-history":[{"count":22,"href":"https:\/\/batimetria.com.co\/index.php\/wp-json\/wp\/v2\/pages\/215\/revisions"}],"predecessor-version":[{"id":1207,"href":"https:\/\/batimetria.com.co\/index.php\/wp-json\/wp\/v2\/pages\/215\/revisions\/1207"}],"wp:attachment":[{"href":"https:\/\/batimetria.com.co\/index.php\/wp-json\/wp\/v2\/media?parent=215"}],"curies":[{"name":"wp","href":"https:\/\/api.w.org\/{rel}","templated":true}]}}