{"id":210,"date":"2022-03-22T20:12:11","date_gmt":"2022-03-22T20:12:11","guid":{"rendered":"https:\/\/batimetria.com.co\/?page_id=210"},"modified":"2022-05-06T13:41:57","modified_gmt":"2022-05-06T13:41:57","slug":"muestras-de-suelo-subacuatico","status":"publish","type":"page","link":"https:\/\/batimetria.com.co\/index.php\/muestras-de-suelo-subacuatico\/","title":{"rendered":"Muestras de suelo subacu\u00e1tico"},"content":{"rendered":"<style>.elementor-210 .elementor-element.elementor-element-64af1a54:not(.elementor-motion-effects-element-type-background), .elementor-210 .elementor-element.elementor-element-64af1a54 > .elementor-motion-effects-container > .elementor-motion-effects-layer{background-image:url(\"https:\/\/batimetria.com.co\/wp-content\/uploads\/2022\/03\/31.png\");background-position:0px 28%;background-repeat:no-repeat;background-size:cover;}.elementor-210 .elementor-element.elementor-element-64af1a54 > .elementor-background-overlay{background-color:#181C28;opacity:0.9;transition:background 0.3s, border-radius 0.3s, opacity 0.3s;}.elementor-210 .elementor-element.elementor-element-64af1a54 > .elementor-container{max-width:1170px;}.elementor-210 .elementor-element.elementor-element-64af1a54{transition:background 0.3s, border 0.3s, border-radius 0.3s, box-shadow 0.3s;padding:200px 0px 140px 0px;z-index:0;overflow:visible;}.elementor-210 .elementor-element.elementor-element-1ab1ce15{text-align:center;}.elementor-210 .elementor-element.elementor-element-1ab1ce15 .elementor-heading-title{font-family:var( --e-global-typography-secondary-font-family ), Sans-serif;font-size:var( --e-global-typography-secondary-font-size );font-weight:var( --e-global-typography-secondary-font-weight );text-transform:var( --e-global-typography-secondary-text-transform );line-height:var( --e-global-typography-secondary-line-height );color:#FFFFFF;}.elementor-210 .elementor-element.elementor-element-10ed9e9a > .elementor-widget-container{margin:-5px 0px 0px 0px;}.elementor-210 .elementor-element.elementor-element-10ed9e9a .elementor-icon-list-items:not(.elementor-inline-items) .elementor-icon-list-item:not(:last-child){padding-block-end:calc(5px\/2);}.elementor-210 .elementor-element.elementor-element-10ed9e9a .elementor-icon-list-items:not(.elementor-inline-items) .elementor-icon-list-item:not(:first-child){margin-block-start:calc(5px\/2);}.elementor-210 .elementor-element.elementor-element-10ed9e9a .elementor-icon-list-items.elementor-inline-items .elementor-icon-list-item{margin-inline:calc(5px\/2);}.elementor-210 .elementor-element.elementor-element-10ed9e9a .elementor-icon-list-items.elementor-inline-items{margin-inline:calc(-5px\/2);}.elementor-210 .elementor-element.elementor-element-10ed9e9a .elementor-icon-list-items.elementor-inline-items .elementor-icon-list-item:after{inset-inline-end:calc(-5px\/2);}.elementor-210 .elementor-element.elementor-element-10ed9e9a .elementor-icon-list-icon i{color:var( --e-global-color-accent );transition:color 0.3s;}.elementor-210 .elementor-element.elementor-element-10ed9e9a .elementor-icon-list-icon svg{fill:var( --e-global-color-accent );transition:fill 0.3s;}.elementor-210 .elementor-element.elementor-element-10ed9e9a{--e-icon-list-icon-size:14px;--icon-vertical-offset:0px;}.elementor-210 .elementor-element.elementor-element-10ed9e9a .elementor-icon-list-item > .elementor-icon-list-text, .elementor-210 .elementor-element.elementor-element-10ed9e9a .elementor-icon-list-item > a{font-family:var( --e-global-typography-text-font-family ), Sans-serif;font-size:var( --e-global-typography-text-font-size );font-weight:var( --e-global-typography-text-font-weight );text-transform:var( --e-global-typography-text-text-transform );line-height:var( --e-global-typography-text-line-height );}.elementor-210 .elementor-element.elementor-element-10ed9e9a .elementor-icon-list-text{color:#FFFFFF;transition:color 0.3s;}.elementor-210 .elementor-element.elementor-element-35617c0c{padding:100px 0px 100px 0px;overflow:visible;}.elementor-210 .elementor-element.elementor-element-213d51e1 > .elementor-container > .elementor-column > .elementor-widget-wrap{align-content:center;align-items:center;}.elementor-210 .elementor-element.elementor-element-213d51e1{overflow:visible;}.elementor-210 .elementor-element.elementor-element-34bab81 > .elementor-element-populated{margin:0px 20px 0px 0px;--e-column-margin-right:20px;--e-column-margin-left:0px;}.elementor-210 .elementor-element.elementor-element-ede3b47 img{width:86%;}.elementor-210 .elementor-element.elementor-element-b33dad8 > .elementor-widget-container{margin:-14px 0px -26px 0px;}.elementor-210 .elementor-element.elementor-element-b33dad8{text-align:center;font-size:12px;font-style:italic;color:#000000;}.elementor-210 .elementor-element.elementor-element-7ebd6f18 > .elementor-element-populated{padding:0px 0px 0px 40px;}.elementor-210 .elementor-element.elementor-element-29cebac8 .elementor-heading-title{font-family:var( --e-global-typography-274f2d8-font-family ), Sans-serif;font-size:var( --e-global-typography-274f2d8-font-size );font-weight:var( --e-global-typography-274f2d8-font-weight );text-transform:var( --e-global-typography-274f2d8-text-transform );line-height:var( --e-global-typography-274f2d8-line-height );color:var( --e-global-color-primary );}.elementor-210 .elementor-element.elementor-element-658217bb > .elementor-widget-container{margin:0px 0px -14px 0px;}.elementor-210 .elementor-element.elementor-element-658217bb{text-align:justify;font-family:var( --e-global-typography-text-font-family ), Sans-serif;font-size:var( --e-global-typography-text-font-size );font-weight:var( --e-global-typography-text-font-weight );text-transform:var( --e-global-typography-text-text-transform );line-height:var( --e-global-typography-text-line-height );color:var( --e-global-color-text );}.elementor-210 .elementor-element.elementor-element-b76911f .elementor-icon-list-icon i{transition:color 0.3s;}.elementor-210 .elementor-element.elementor-element-b76911f .elementor-icon-list-icon svg{transition:fill 0.3s;}.elementor-210 .elementor-element.elementor-element-b76911f{--e-icon-list-icon-size:14px;--icon-vertical-offset:0px;}.elementor-210 .elementor-element.elementor-element-b76911f .elementor-icon-list-text{transition:color 0.3s;}@media(max-width:1024px){.elementor-210 .elementor-element.elementor-element-64af1a54:not(.elementor-motion-effects-element-type-background), .elementor-210 .elementor-element.elementor-element-64af1a54 > .elementor-motion-effects-container > .elementor-motion-effects-layer{background-position:center center;}.elementor-210 .elementor-element.elementor-element-64af1a54{margin-top:0px;margin-bottom:0px;padding:210px 0px 140px 0px;}.elementor-210 .elementor-element.elementor-element-1ab1ce15 .elementor-heading-title{font-size:var( --e-global-typography-secondary-font-size );line-height:var( --e-global-typography-secondary-line-height );}.elementor-210 .elementor-element.elementor-element-10ed9e9a .elementor-icon-list-item > .elementor-icon-list-text, .elementor-210 .elementor-element.elementor-element-10ed9e9a .elementor-icon-list-item > a{font-size:var( --e-global-typography-text-font-size );line-height:var( --e-global-typography-text-line-height );}.elementor-210 .elementor-element.elementor-element-35617c0c{padding:80px 10px 80px 10px;}.elementor-210 .elementor-element.elementor-element-34bab81 > .elementor-element-populated{margin:0px 0px 0px 0px;--e-column-margin-right:0px;--e-column-margin-left:0px;}.elementor-210 .elementor-element.elementor-element-7ebd6f18 > .elementor-element-populated{margin:40px 0px 0px 0px;--e-column-margin-right:0px;--e-column-margin-left:0px;padding:0px 0px 0px 0px;}.elementor-210 .elementor-element.elementor-element-29cebac8 .elementor-heading-title{font-size:var( --e-global-typography-274f2d8-font-size );line-height:var( --e-global-typography-274f2d8-line-height );}.elementor-210 .elementor-element.elementor-element-658217bb{font-size:var( --e-global-typography-text-font-size );line-height:var( --e-global-typography-text-line-height );}}@media(max-width:767px){.elementor-210 .elementor-element.elementor-element-64af1a54{margin-top:0px;margin-bottom:0px;padding:152px 10px 30px 10px;}.elementor-210 .elementor-element.elementor-element-1ab1ce15 .elementor-heading-title{font-size:var( --e-global-typography-secondary-font-size );line-height:var( --e-global-typography-secondary-line-height );}.elementor-210 .elementor-element.elementor-element-10ed9e9a .elementor-icon-list-item > .elementor-icon-list-text, .elementor-210 .elementor-element.elementor-element-10ed9e9a .elementor-icon-list-item > a{font-size:var( --e-global-typography-text-font-size );line-height:var( --e-global-typography-text-line-height );}.elementor-210 .elementor-element.elementor-element-35617c0c{padding:40px 10px 40px 10px;}.elementor-210 .elementor-element.elementor-element-34bab81 > .elementor-element-populated{margin:0px 0px 0px 0px;--e-column-margin-right:0px;--e-column-margin-left:0px;}.elementor-210 .elementor-element.elementor-element-ede3b47 img{width:100%;}.elementor-210 .elementor-element.elementor-element-29cebac8 .elementor-heading-title{font-size:var( --e-global-typography-274f2d8-font-size );line-height:var( --e-global-typography-274f2d8-line-height );}.elementor-210 .elementor-element.elementor-element-658217bb{text-align:justify;font-size:var( --e-global-typography-text-font-size );line-height:var( --e-global-typography-text-line-height );}}@media(min-width:768px){.elementor-210 .elementor-element.elementor-element-34bab81{width:53.304%;}.elementor-210 .elementor-element.elementor-element-7ebd6f18{width:46.652%;}}@media(max-width:1024px) and (min-width:768px){.elementor-210 .elementor-element.elementor-element-34bab81{width:100%;}.elementor-210 .elementor-element.elementor-element-7ebd6f18{width:100%;}}<\/style>\t\t<div data-elementor-type=\"wp-page\" data-elementor-id=\"210\" class=\"elementor elementor-210\">\n\t\t\t\t\t\t<section class=\"elementor-section elementor-top-section elementor-element elementor-element-64af1a54 elementor-section-boxed elementor-section-height-default elementor-section-height-default\" data-id=\"64af1a54\" data-element_type=\"section\" data-settings=\"{&quot;background_background&quot;:&quot;classic&quot;,&quot;ekit_has_onepagescroll_dot&quot;:&quot;yes&quot;}\">\n\t\t\t\t\t\t\t<div class=\"elementor-background-overlay\"><\/div>\n\t\t\t\t\t\t\t<div class=\"elementor-container elementor-column-gap-default\">\n\t\t\t\t\t<div class=\"elementor-column elementor-col-100 elementor-top-column elementor-element elementor-element-777f407e\" data-id=\"777f407e\" data-element_type=\"column\">\n\t\t\t<div class=\"elementor-widget-wrap elementor-element-populated\">\n\t\t\t\t\t\t<div class=\"elementor-element elementor-element-1ab1ce15 elementor-widget elementor-widget-heading\" data-id=\"1ab1ce15\" data-element_type=\"widget\" data-settings=\"{&quot;ekit_we_effect_on&quot;:&quot;none&quot;}\" data-widget_type=\"heading.default\">\n\t\t\t\t<div class=\"elementor-widget-container\">\n\t\t\t\t\t<h2 class=\"elementor-heading-title elementor-size-default\">Muestras de suelo subacu\u00e1tico<\/h2>\t\t\t\t<\/div>\n\t\t\t\t<\/div>\n\t\t\t\t<div class=\"elementor-element elementor-element-10ed9e9a elementor-icon-list--layout-inline elementor-align-center elementor-list-item-link-full_width elementor-widget elementor-widget-icon-list\" data-id=\"10ed9e9a\" data-element_type=\"widget\" data-settings=\"{&quot;ekit_we_effect_on&quot;:&quot;none&quot;}\" data-widget_type=\"icon-list.default\">\n\t\t\t\t<div class=\"elementor-widget-container\">\n\t\t\t\t\t\t\t<ul class=\"elementor-icon-list-items elementor-inline-items\">\n\t\t\t\t\t\t\t<li class=\"elementor-icon-list-item elementor-inline-item\">\n\t\t\t\t\t\t\t\t\t\t<span class=\"elementor-icon-list-text\">Home<\/span>\n\t\t\t\t\t\t\t\t\t<\/li>\n\t\t\t\t\t\t\t\t<li class=\"elementor-icon-list-item elementor-inline-item\">\n\t\t\t\t\t\t\t\t\t\t\t<span class=\"elementor-icon-list-icon\">\n\t\t\t\t\t\t\t<i aria-hidden=\"true\" class=\"fas fa-chevron-right\"><\/i>\t\t\t\t\t\t<\/span>\n\t\t\t\t\t\t\t\t\t\t<span class=\"elementor-icon-list-text\">Servicios<\/span>\n\t\t\t\t\t\t\t\t\t<\/li>\n\t\t\t\t\t\t<\/ul>\n\t\t\t\t\t\t<\/div>\n\t\t\t\t<\/div>\n\t\t\t\t\t<\/div>\n\t\t<\/div>\n\t\t\t\t\t<\/div>\n\t\t<\/section>\n\t\t\t\t<section class=\"elementor-section elementor-top-section elementor-element elementor-element-35617c0c elementor-section-boxed elementor-section-height-default elementor-section-height-default\" data-id=\"35617c0c\" data-element_type=\"section\" data-settings=\"{&quot;ekit_has_onepagescroll_dot&quot;:&quot;yes&quot;}\">\n\t\t\t\t\t\t<div class=\"elementor-container elementor-column-gap-default\">\n\t\t\t\t\t<div class=\"elementor-column elementor-col-100 elementor-top-column elementor-element elementor-element-cdf44c3\" data-id=\"cdf44c3\" data-element_type=\"column\">\n\t\t\t<div class=\"elementor-widget-wrap elementor-element-populated\">\n\t\t\t\t\t\t<section class=\"elementor-section elementor-inner-section elementor-element elementor-element-213d51e1 elementor-section-content-middle elementor-section-boxed elementor-section-height-default elementor-section-height-default\" data-id=\"213d51e1\" data-element_type=\"section\" data-settings=\"{&quot;ekit_has_onepagescroll_dot&quot;:&quot;yes&quot;}\">\n\t\t\t\t\t\t<div class=\"elementor-container elementor-column-gap-no\">\n\t\t\t\t\t<div class=\"elementor-column elementor-col-50 elementor-inner-column elementor-element elementor-element-34bab81\" data-id=\"34bab81\" data-element_type=\"column\">\n\t\t\t<div class=\"elementor-widget-wrap elementor-element-populated\">\n\t\t\t\t\t\t<div class=\"elementor-element elementor-element-ede3b47 elementor-widget elementor-widget-image\" data-id=\"ede3b47\" data-element_type=\"widget\" data-settings=\"{&quot;ekit_we_effect_on&quot;:&quot;none&quot;}\" data-widget_type=\"image.default\">\n\t\t\t\t<div class=\"elementor-widget-container\">\n\t\t\t\t\t\t\t\t\t\t\t\t\t\t\t<img fetchpriority=\"high\" decoding=\"async\" width=\"394\" height=\"321\" src=\"https:\/\/batimetria.com.co\/wp-content\/uploads\/2022\/03\/31.png\" class=\"attachment-large size-large wp-image-356\" alt=\"\" srcset=\"https:\/\/batimetria.com.co\/wp-content\/uploads\/2022\/03\/31.png 394w, https:\/\/batimetria.com.co\/wp-content\/uploads\/2022\/03\/31-300x244.png 300w\" sizes=\"(max-width: 394px) 100vw, 394px\" \/>\t\t\t\t\t\t\t\t\t\t\t\t\t\t\t<\/div>\n\t\t\t\t<\/div>\n\t\t\t\t<div class=\"elementor-element elementor-element-b33dad8 elementor-widget elementor-widget-text-editor\" data-id=\"b33dad8\" data-element_type=\"widget\" data-settings=\"{&quot;ekit_we_effect_on&quot;:&quot;none&quot;}\" data-widget_type=\"text-editor.default\">\n\t\t\t\t<div class=\"elementor-widget-container\">\n\t\t\t\t\t\t\t\t\t<p>Toma y extracci\u00f3n de muestras de suelo del fondo marino o de cuerpos de agua, VIBROCORER.<\/p>\t\t\t\t\t\t\t\t<\/div>\n\t\t\t\t<\/div>\n\t\t\t\t\t<\/div>\n\t\t<\/div>\n\t\t\t\t<div class=\"elementor-column elementor-col-50 elementor-inner-column elementor-element elementor-element-7ebd6f18\" data-id=\"7ebd6f18\" data-element_type=\"column\">\n\t\t\t<div class=\"elementor-widget-wrap elementor-element-populated\">\n\t\t\t\t\t\t<div class=\"elementor-element elementor-element-29cebac8 elementor-widget elementor-widget-heading\" data-id=\"29cebac8\" data-element_type=\"widget\" data-settings=\"{&quot;ekit_we_effect_on&quot;:&quot;none&quot;}\" data-widget_type=\"heading.default\">\n\t\t\t\t<div class=\"elementor-widget-container\">\n\t\t\t\t\t<h3 class=\"elementor-heading-title elementor-size-default\">Muestras de suelo subacu\u00e1tico<\/h3>\t\t\t\t<\/div>\n\t\t\t\t<\/div>\n\t\t\t\t<div class=\"elementor-element elementor-element-658217bb elementor-widget elementor-widget-text-editor\" data-id=\"658217bb\" data-element_type=\"widget\" data-settings=\"{&quot;ekit_we_effect_on&quot;:&quot;none&quot;}\" data-widget_type=\"text-editor.default\">\n\t\t\t\t<div class=\"elementor-widget-container\">\n\t\t\t\t\t\t\t\t\t<p>BATIMETRIA cuenta con el \u00fanico sistema profesional en Colombia para la toma y extracci\u00f3n de muestras de suelo del fondo marino o de cuerpos de agua, tambi\u00e9n conocido como VIBROCORER, el cual permite recoger n\u00facleos de material del fondo, logrando recuperaciones en testigos de tres metros de longitud con 10 cent\u00edmetros de di\u00e1metro para el correspondiente estudio en laboratorio de suelos.<\/p><p>Las muestras obtenidas son utilizadas para toma de decisiones en proyectos de:<\/p>\t\t\t\t\t\t\t\t<\/div>\n\t\t\t\t<\/div>\n\t\t\t\t<div class=\"elementor-element elementor-element-b76911f elementor-icon-list--layout-traditional elementor-list-item-link-full_width elementor-widget elementor-widget-icon-list\" data-id=\"b76911f\" data-element_type=\"widget\" data-settings=\"{&quot;ekit_we_effect_on&quot;:&quot;none&quot;}\" data-widget_type=\"icon-list.default\">\n\t\t\t\t<div class=\"elementor-widget-container\">\n\t\t\t\t\t\t\t<ul class=\"elementor-icon-list-items\">\n\t\t\t\t\t\t\t<li class=\"elementor-icon-list-item\">\n\t\t\t\t\t\t\t\t\t\t\t<span class=\"elementor-icon-list-icon\">\n\t\t\t\t\t\t\t<i aria-hidden=\"true\" class=\"fas fa-check\"><\/i>\t\t\t\t\t\t<\/span>\n\t\t\t\t\t\t\t\t\t\t<span class=\"elementor-icon-list-text\">Estimaci\u00f3n de costos de dragado<\/span>\n\t\t\t\t\t\t\t\t\t<\/li>\n\t\t\t\t\t\t\t\t<li class=\"elementor-icon-list-item\">\n\t\t\t\t\t\t\t\t\t\t\t<span class=\"elementor-icon-list-icon\">\n\t\t\t\t\t\t\t<i aria-hidden=\"true\" class=\"fas fa-check\"><\/i>\t\t\t\t\t\t<\/span>\n\t\t\t\t\t\t\t\t\t\t<span class=\"elementor-icon-list-text\">Caracterizaci\u00f3n de sedimentos<\/span>\n\t\t\t\t\t\t\t\t\t<\/li>\n\t\t\t\t\t\t\t\t<li class=\"elementor-icon-list-item\">\n\t\t\t\t\t\t\t\t\t\t\t<span class=\"elementor-icon-list-icon\">\n\t\t\t\t\t\t\t<i aria-hidden=\"true\" class=\"fas fa-check\"><\/i>\t\t\t\t\t\t<\/span>\n\t\t\t\t\t\t\t\t\t\t<span class=\"elementor-icon-list-text\">Monitoreos ambientales<\/span>\n\t\t\t\t\t\t\t\t\t<\/li>\n\t\t\t\t\t\t<\/ul>\n\t\t\t\t\t\t<\/div>\n\t\t\t\t<\/div>\n\t\t\t\t\t<\/div>\n\t\t<\/div>\n\t\t\t\t\t<\/div>\n\t\t<\/section>\n\t\t\t\t\t<\/div>\n\t\t<\/div>\n\t\t\t\t\t<\/div>\n\t\t<\/section>\n\t\t\t\t<\/div>\n\t\t","protected":false},"excerpt":{"rendered":"<p>Muestras de suelo subacu\u00e1tico Home Servicios Toma y extracci\u00f3n de muestras de suelo del fondo marino o de cuerpos de agua, VIBROCORER. Muestras de suelo subacu\u00e1tico BATIMETRIA cuenta con el \u00fanico sistema profesional en Colombia para la toma y extracci\u00f3n de muestras de suelo del fondo marino o de cuerpos de agua, tambi\u00e9n conocido como [&hellip;]<\/p>\n","protected":false},"author":1,"featured_media":0,"parent":0,"menu_order":0,"comment_status":"closed","ping_status":"closed","template":"elementor_header_footer","meta":{"site-sidebar-layout":"no-sidebar","site-content-layout":"page-builder","ast-site-content-layout":"default","site-content-style":"default","site-sidebar-style":"default","ast-global-header-display":"","ast-banner-title-visibility":"","ast-main-header-display":"","ast-hfb-above-header-display":"","ast-hfb-below-header-display":"","ast-hfb-mobile-header-display":"","site-post-title":"disabled","ast-breadcrumbs-content":"","ast-featured-img":"disabled","footer-sml-layout":"","theme-transparent-header-meta":"","adv-header-id-meta":"","stick-header-meta":"","header-above-stick-meta":"","header-main-stick-meta":"","header-below-stick-meta":"","astra-migrate-meta-layouts":"default","ast-page-background-enabled":"default","ast-page-background-meta":{"desktop":{"background-color":"var(--ast-global-color-4)","background-image":"","background-repeat":"repeat","background-position":"center center","background-size":"auto","background-attachment":"scroll","background-type":"","background-media":"","overlay-type":"","overlay-color":"","overlay-opacity":"","overlay-gradient":""},"tablet":{"background-color":"","background-image":"","background-repeat":"repeat","background-position":"center center","background-size":"auto","background-attachment":"scroll","background-type":"","background-media":"","overlay-type":"","overlay-color":"","overlay-opacity":"","overlay-gradient":""},"mobile":{"background-color":"","background-image":"","background-repeat":"repeat","background-position":"center center","background-size":"auto","background-attachment":"scroll","background-type":"","background-media":"","overlay-type":"","overlay-color":"","overlay-opacity":"","overlay-gradient":""}},"ast-content-background-meta":{"desktop":{"background-color":"var(--ast-global-color-5)","background-image":"","background-repeat":"repeat","background-position":"center center","background-size":"auto","background-attachment":"scroll","background-type":"","background-media":"","overlay-type":"","overlay-color":"","overlay-opacity":"","overlay-gradient":""},"tablet":{"background-color":"var(--ast-global-color-5)","background-image":"","background-repeat":"repeat","background-position":"center center","background-size":"auto","background-attachment":"scroll","background-type":"","background-media":"","overlay-type":"","overlay-color":"","overlay-opacity":"","overlay-gradient":""},"mobile":{"background-color":"var(--ast-global-color-5)","background-image":"","background-repeat":"repeat","background-position":"center center","background-size":"auto","background-attachment":"scroll","background-type":"","background-media":"","overlay-type":"","overlay-color":"","overlay-opacity":"","overlay-gradient":""}},"footnotes":""},"class_list":["post-210","page","type-page","status-publish","hentry"],"_links":{"self":[{"href":"https:\/\/batimetria.com.co\/index.php\/wp-json\/wp\/v2\/pages\/210","targetHints":{"allow":["GET"]}}],"collection":[{"href":"https:\/\/batimetria.com.co\/index.php\/wp-json\/wp\/v2\/pages"}],"about":[{"href":"https:\/\/batimetria.com.co\/index.php\/wp-json\/wp\/v2\/types\/page"}],"author":[{"embeddable":true,"href":"https:\/\/batimetria.com.co\/index.php\/wp-json\/wp\/v2\/users\/1"}],"replies":[{"embeddable":true,"href":"https:\/\/batimetria.com.co\/index.php\/wp-json\/wp\/v2\/comments?post=210"}],"version-history":[{"count":22,"href":"https:\/\/batimetria.com.co\/index.php\/wp-json\/wp\/v2\/pages\/210\/revisions"}],"predecessor-version":[{"id":1210,"href":"https:\/\/batimetria.com.co\/index.php\/wp-json\/wp\/v2\/pages\/210\/revisions\/1210"}],"wp:attachment":[{"href":"https:\/\/batimetria.com.co\/index.php\/wp-json\/wp\/v2\/media?parent=210"}],"curies":[{"name":"wp","href":"https:\/\/api.w.org\/{rel}","templated":true}]}}