{"id":171,"date":"2022-03-22T19:24:25","date_gmt":"2022-03-22T19:24:25","guid":{"rendered":"https:\/\/batimetria.com.co\/?page_id=171"},"modified":"2022-05-04T13:50:23","modified_gmt":"2022-05-04T13:50:23","slug":"levantamientos-batimetricos","status":"publish","type":"page","link":"https:\/\/batimetria.com.co\/index.php\/levantamientos-batimetricos\/","title":{"rendered":"Levantamientos batim\u00e9tricos"},"content":{"rendered":"<style>.elementor-171 .elementor-element.elementor-element-78bd3c7d:not(.elementor-motion-effects-element-type-background), .elementor-171 .elementor-element.elementor-element-78bd3c7d > .elementor-motion-effects-container > .elementor-motion-effects-layer{background-image:url(\"https:\/\/batimetria.com.co\/wp-content\/uploads\/2022\/03\/21-1.jpg\");background-position:0px 28%;background-repeat:no-repeat;background-size:cover;}.elementor-171 .elementor-element.elementor-element-78bd3c7d > .elementor-background-overlay{background-color:#181C28;opacity:0.9;transition:background 0.3s, border-radius 0.3s, opacity 0.3s;}.elementor-171 .elementor-element.elementor-element-78bd3c7d > .elementor-container{max-width:1170px;}.elementor-171 .elementor-element.elementor-element-78bd3c7d{transition:background 0.3s, border 0.3s, border-radius 0.3s, box-shadow 0.3s;padding:200px 0px 140px 0px;z-index:0;overflow:visible;}.elementor-171 .elementor-element.elementor-element-6bf5ce2f{text-align:center;}.elementor-171 .elementor-element.elementor-element-6bf5ce2f .elementor-heading-title{font-family:var( --e-global-typography-secondary-font-family ), Sans-serif;font-size:var( --e-global-typography-secondary-font-size );font-weight:var( --e-global-typography-secondary-font-weight );text-transform:var( --e-global-typography-secondary-text-transform );line-height:var( --e-global-typography-secondary-line-height );color:#FFFFFF;}.elementor-171 .elementor-element.elementor-element-2e60865a > .elementor-widget-container{margin:-5px 0px 0px 0px;}.elementor-171 .elementor-element.elementor-element-2e60865a .elementor-icon-list-items:not(.elementor-inline-items) .elementor-icon-list-item:not(:last-child){padding-block-end:calc(5px\/2);}.elementor-171 .elementor-element.elementor-element-2e60865a .elementor-icon-list-items:not(.elementor-inline-items) .elementor-icon-list-item:not(:first-child){margin-block-start:calc(5px\/2);}.elementor-171 .elementor-element.elementor-element-2e60865a .elementor-icon-list-items.elementor-inline-items .elementor-icon-list-item{margin-inline:calc(5px\/2);}.elementor-171 .elementor-element.elementor-element-2e60865a .elementor-icon-list-items.elementor-inline-items{margin-inline:calc(-5px\/2);}.elementor-171 .elementor-element.elementor-element-2e60865a .elementor-icon-list-items.elementor-inline-items .elementor-icon-list-item:after{inset-inline-end:calc(-5px\/2);}.elementor-171 .elementor-element.elementor-element-2e60865a .elementor-icon-list-icon i{color:var( --e-global-color-accent );transition:color 0.3s;}.elementor-171 .elementor-element.elementor-element-2e60865a .elementor-icon-list-icon svg{fill:var( --e-global-color-accent );transition:fill 0.3s;}.elementor-171 .elementor-element.elementor-element-2e60865a{--e-icon-list-icon-size:14px;--icon-vertical-offset:0px;}.elementor-171 .elementor-element.elementor-element-2e60865a .elementor-icon-list-item > .elementor-icon-list-text, .elementor-171 .elementor-element.elementor-element-2e60865a .elementor-icon-list-item > a{font-family:var( --e-global-typography-text-font-family ), Sans-serif;font-size:var( --e-global-typography-text-font-size );font-weight:var( --e-global-typography-text-font-weight );text-transform:var( --e-global-typography-text-text-transform );line-height:var( --e-global-typography-text-line-height );}.elementor-171 .elementor-element.elementor-element-2e60865a .elementor-icon-list-text{color:#FFFFFF;transition:color 0.3s;}.elementor-171 .elementor-element.elementor-element-17381a9{padding:100px 0px 100px 0px;overflow:visible;}.elementor-171 .elementor-element.elementor-element-5128845b > .elementor-container > .elementor-column > .elementor-widget-wrap{align-content:center;align-items:center;}.elementor-171 .elementor-element.elementor-element-5128845b{overflow:visible;}.elementor-171 .elementor-element.elementor-element-7f1b8b96 > .elementor-element-populated{margin:0px 20px 0px 0px;--e-column-margin-right:20px;--e-column-margin-left:0px;}.elementor-171 .elementor-element.elementor-element-24db10aa img{width:100%;border-radius:10px 10px 10px 10px;box-shadow:0px 3px 15px 0px rgba(0, 0, 0, 0.1);}.elementor-171 .elementor-element.elementor-element-e2f678c > .elementor-widget-container{margin:0px 0px -26px 0px;}.elementor-171 .elementor-element.elementor-element-e2f678c{text-align:center;font-size:12px;font-style:italic;color:#000000;}.elementor-171 .elementor-element.elementor-element-2f5e3c2a > .elementor-element-populated{padding:0px 0px 0px 40px;}.elementor-171 .elementor-element.elementor-element-8631a24 .elementor-heading-title{font-family:var( --e-global-typography-274f2d8-font-family ), Sans-serif;font-size:var( --e-global-typography-274f2d8-font-size );font-weight:var( --e-global-typography-274f2d8-font-weight );text-transform:var( --e-global-typography-274f2d8-text-transform );line-height:var( --e-global-typography-274f2d8-line-height );color:var( --e-global-color-primary );}.elementor-171 .elementor-element.elementor-element-2b2be33c{text-align:justify;font-family:var( --e-global-typography-text-font-family ), Sans-serif;font-size:var( --e-global-typography-text-font-size );font-weight:var( --e-global-typography-text-font-weight );text-transform:var( --e-global-typography-text-text-transform );line-height:var( --e-global-typography-text-line-height );color:var( --e-global-color-text );}@media(max-width:1024px){.elementor-171 .elementor-element.elementor-element-78bd3c7d:not(.elementor-motion-effects-element-type-background), .elementor-171 .elementor-element.elementor-element-78bd3c7d > .elementor-motion-effects-container > .elementor-motion-effects-layer{background-position:center center;}.elementor-171 .elementor-element.elementor-element-78bd3c7d{margin-top:0px;margin-bottom:0px;padding:210px 0px 140px 0px;}.elementor-171 .elementor-element.elementor-element-6bf5ce2f .elementor-heading-title{font-size:var( --e-global-typography-secondary-font-size );line-height:var( --e-global-typography-secondary-line-height );}.elementor-171 .elementor-element.elementor-element-2e60865a .elementor-icon-list-item > .elementor-icon-list-text, .elementor-171 .elementor-element.elementor-element-2e60865a .elementor-icon-list-item > a{font-size:var( --e-global-typography-text-font-size );line-height:var( --e-global-typography-text-line-height );}.elementor-171 .elementor-element.elementor-element-17381a9{padding:80px 10px 80px 10px;}.elementor-171 .elementor-element.elementor-element-7f1b8b96 > .elementor-element-populated{margin:0px 0px 0px 0px;--e-column-margin-right:0px;--e-column-margin-left:0px;}.elementor-171 .elementor-element.elementor-element-2f5e3c2a > .elementor-element-populated{margin:40px 0px 0px 0px;--e-column-margin-right:0px;--e-column-margin-left:0px;padding:0px 0px 0px 0px;}.elementor-171 .elementor-element.elementor-element-8631a24 .elementor-heading-title{font-size:var( --e-global-typography-274f2d8-font-size );line-height:var( --e-global-typography-274f2d8-line-height );}.elementor-171 .elementor-element.elementor-element-2b2be33c{font-size:var( --e-global-typography-text-font-size );line-height:var( --e-global-typography-text-line-height );}}@media(max-width:767px){.elementor-171 .elementor-element.elementor-element-78bd3c7d{margin-top:0px;margin-bottom:0px;padding:152px 10px 30px 10px;}.elementor-171 .elementor-element.elementor-element-6bf5ce2f .elementor-heading-title{font-size:var( --e-global-typography-secondary-font-size );line-height:var( --e-global-typography-secondary-line-height );}.elementor-171 .elementor-element.elementor-element-2e60865a .elementor-icon-list-item > .elementor-icon-list-text, .elementor-171 .elementor-element.elementor-element-2e60865a .elementor-icon-list-item > a{font-size:var( --e-global-typography-text-font-size );line-height:var( --e-global-typography-text-line-height );}.elementor-171 .elementor-element.elementor-element-17381a9{padding:40px 10px 40px 10px;}.elementor-171 .elementor-element.elementor-element-7f1b8b96 > .elementor-element-populated{margin:0px 0px 0px 0px;--e-column-margin-right:0px;--e-column-margin-left:0px;}.elementor-171 .elementor-element.elementor-element-8631a24 .elementor-heading-title{font-size:var( --e-global-typography-274f2d8-font-size );line-height:var( --e-global-typography-274f2d8-line-height );}.elementor-171 .elementor-element.elementor-element-2b2be33c{text-align:justify;font-size:var( --e-global-typography-text-font-size );line-height:var( --e-global-typography-text-line-height );}}@media(min-width:768px){.elementor-171 .elementor-element.elementor-element-7f1b8b96{width:53.304%;}.elementor-171 .elementor-element.elementor-element-2f5e3c2a{width:46.652%;}}@media(max-width:1024px) and (min-width:768px){.elementor-171 .elementor-element.elementor-element-7f1b8b96{width:100%;}.elementor-171 .elementor-element.elementor-element-2f5e3c2a{width:100%;}}<\/style>\t\t<div data-elementor-type=\"wp-page\" data-elementor-id=\"171\" class=\"elementor elementor-171\">\n\t\t\t\t\t\t<section class=\"elementor-section elementor-top-section elementor-element elementor-element-78bd3c7d elementor-section-boxed elementor-section-height-default elementor-section-height-default\" data-id=\"78bd3c7d\" data-element_type=\"section\" data-settings=\"{&quot;background_background&quot;:&quot;classic&quot;,&quot;ekit_has_onepagescroll_dot&quot;:&quot;yes&quot;}\">\n\t\t\t\t\t\t\t<div class=\"elementor-background-overlay\"><\/div>\n\t\t\t\t\t\t\t<div class=\"elementor-container elementor-column-gap-default\">\n\t\t\t\t\t<div class=\"elementor-column elementor-col-100 elementor-top-column elementor-element elementor-element-67ecd062\" data-id=\"67ecd062\" data-element_type=\"column\">\n\t\t\t<div class=\"elementor-widget-wrap elementor-element-populated\">\n\t\t\t\t\t\t<div class=\"elementor-element elementor-element-6bf5ce2f elementor-widget elementor-widget-heading\" data-id=\"6bf5ce2f\" data-element_type=\"widget\" data-settings=\"{&quot;ekit_we_effect_on&quot;:&quot;none&quot;}\" data-widget_type=\"heading.default\">\n\t\t\t\t<div class=\"elementor-widget-container\">\n\t\t\t\t\t<h2 class=\"elementor-heading-title elementor-size-default\">Levantamientos batim\u00e9tricos<\/h2>\t\t\t\t<\/div>\n\t\t\t\t<\/div>\n\t\t\t\t<div class=\"elementor-element elementor-element-2e60865a elementor-icon-list--layout-inline elementor-align-center elementor-list-item-link-full_width elementor-widget elementor-widget-icon-list\" data-id=\"2e60865a\" data-element_type=\"widget\" data-settings=\"{&quot;ekit_we_effect_on&quot;:&quot;none&quot;}\" data-widget_type=\"icon-list.default\">\n\t\t\t\t<div class=\"elementor-widget-container\">\n\t\t\t\t\t\t\t<ul class=\"elementor-icon-list-items elementor-inline-items\">\n\t\t\t\t\t\t\t<li class=\"elementor-icon-list-item elementor-inline-item\">\n\t\t\t\t\t\t\t\t\t\t\t<a href=\"https:\/\/batimetria.com.co\/index.php\/inicio\/\">\n\n\t\t\t\t\t\t\t\t\t\t\t<span class=\"elementor-icon-list-text\">Home<\/span>\n\t\t\t\t\t\t\t\t\t\t\t<\/a>\n\t\t\t\t\t\t\t\t\t<\/li>\n\t\t\t\t\t\t\t\t<li class=\"elementor-icon-list-item elementor-inline-item\">\n\t\t\t\t\t\t\t\t\t\t\t<span class=\"elementor-icon-list-icon\">\n\t\t\t\t\t\t\t<i aria-hidden=\"true\" class=\"fas fa-chevron-right\"><\/i>\t\t\t\t\t\t<\/span>\n\t\t\t\t\t\t\t\t\t\t<span class=\"elementor-icon-list-text\">Servicios<\/span>\n\t\t\t\t\t\t\t\t\t<\/li>\n\t\t\t\t\t\t<\/ul>\n\t\t\t\t\t\t<\/div>\n\t\t\t\t<\/div>\n\t\t\t\t\t<\/div>\n\t\t<\/div>\n\t\t\t\t\t<\/div>\n\t\t<\/section>\n\t\t\t\t<section class=\"elementor-section elementor-top-section elementor-element elementor-element-17381a9 elementor-section-boxed elementor-section-height-default elementor-section-height-default\" data-id=\"17381a9\" data-element_type=\"section\" data-settings=\"{&quot;ekit_has_onepagescroll_dot&quot;:&quot;yes&quot;}\">\n\t\t\t\t\t\t<div class=\"elementor-container elementor-column-gap-default\">\n\t\t\t\t\t<div class=\"elementor-column elementor-col-100 elementor-top-column elementor-element elementor-element-5575eac3\" data-id=\"5575eac3\" data-element_type=\"column\">\n\t\t\t<div class=\"elementor-widget-wrap elementor-element-populated\">\n\t\t\t\t\t\t<section class=\"elementor-section elementor-inner-section elementor-element elementor-element-5128845b elementor-section-content-middle elementor-section-boxed elementor-section-height-default elementor-section-height-default\" data-id=\"5128845b\" data-element_type=\"section\" data-settings=\"{&quot;ekit_has_onepagescroll_dot&quot;:&quot;yes&quot;}\">\n\t\t\t\t\t\t<div class=\"elementor-container elementor-column-gap-no\">\n\t\t\t\t\t<div class=\"elementor-column elementor-col-50 elementor-inner-column elementor-element elementor-element-7f1b8b96\" data-id=\"7f1b8b96\" data-element_type=\"column\">\n\t\t\t<div class=\"elementor-widget-wrap elementor-element-populated\">\n\t\t\t\t\t\t<div class=\"elementor-element elementor-element-24db10aa elementor-widget elementor-widget-image\" data-id=\"24db10aa\" data-element_type=\"widget\" data-settings=\"{&quot;ekit_we_effect_on&quot;:&quot;none&quot;}\" data-widget_type=\"image.default\">\n\t\t\t\t<div class=\"elementor-widget-container\">\n\t\t\t\t\t\t\t\t\t\t\t\t\t\t\t<img decoding=\"async\" src=\"https:\/\/batimetria.com.co\/wp-content\/uploads\/elementor\/thumbs\/21-1-pmahvpi6gsd6kldms1zleb4rva1xswk47t76vh8qjc.jpg\" title=\"21\" alt=\"21\" loading=\"lazy\" \/>\t\t\t\t\t\t\t\t\t\t\t\t\t\t\t<\/div>\n\t\t\t\t<\/div>\n\t\t\t\t<div class=\"elementor-element elementor-element-e2f678c elementor-widget elementor-widget-text-editor\" data-id=\"e2f678c\" data-element_type=\"widget\" data-settings=\"{&quot;ekit_we_effect_on&quot;:&quot;none&quot;}\" data-widget_type=\"text-editor.default\">\n\t\t\t\t<div class=\"elementor-widget-container\">\n\t\t\t\t\t\t\t\t\t<p>Levantamiento batim\u00e9trico. R\u00edo Daule, Ecuador<\/p>\t\t\t\t\t\t\t\t<\/div>\n\t\t\t\t<\/div>\n\t\t\t\t\t<\/div>\n\t\t<\/div>\n\t\t\t\t<div class=\"elementor-column elementor-col-50 elementor-inner-column elementor-element elementor-element-2f5e3c2a\" data-id=\"2f5e3c2a\" data-element_type=\"column\">\n\t\t\t<div class=\"elementor-widget-wrap elementor-element-populated\">\n\t\t\t\t\t\t<div class=\"elementor-element elementor-element-8631a24 elementor-widget elementor-widget-heading\" data-id=\"8631a24\" data-element_type=\"widget\" data-settings=\"{&quot;ekit_we_effect_on&quot;:&quot;none&quot;}\" data-widget_type=\"heading.default\">\n\t\t\t\t<div class=\"elementor-widget-container\">\n\t\t\t\t\t<h3 class=\"elementor-heading-title elementor-size-default\">Levantamientos batim\u00e9tricos<\/h3>\t\t\t\t<\/div>\n\t\t\t\t<\/div>\n\t\t\t\t<div class=\"elementor-element elementor-element-2b2be33c elementor-widget elementor-widget-text-editor\" data-id=\"2b2be33c\" data-element_type=\"widget\" data-settings=\"{&quot;ekit_we_effect_on&quot;:&quot;none&quot;}\" data-widget_type=\"text-editor.default\">\n\t\t\t\t<div class=\"elementor-widget-container\">\n\t\t\t\t\t\t\t\t\t<p>Un estudio batim\u00e9trico es el levantamiento geomorfol\u00f3gico realizado en el fondo de los cuerpos de agua, ya sean lagos, embalses, mares, r\u00edos, etc. Este tipo de estudios se hacen con el fin de analizar posibilidades de navegaci\u00f3n, calcular vol\u00famenes de agua, inspeccionar elementos sumergidos, an\u00e1lisis de sedimentaci\u00f3n, dragados, y otros objetivos requeridos. Esta medici\u00f3n de profundidades se puede realizar mediante sondeo con esconda Monohaz y MultiHaz.<\/p><p>BATIMETRIA S.A.S. cuenta con equipos de alta precisi\u00f3n y \u00faltima tecnolog\u00eda para realizar levantamientos batim\u00e9tricos en r\u00edos, lagos, lagunas, presas, puertos y litoral costero. Se realizan an\u00e1lisis hidrol\u00f3gicos a partir de los modelos de terreno con extracci\u00f3n de redes de canales y r\u00edos, delimitando cuencas hidrogr\u00e1ficas, calculando estad\u00edsticas de medici\u00f3n y captaci\u00f3n.<\/p>\t\t\t\t\t\t\t\t<\/div>\n\t\t\t\t<\/div>\n\t\t\t\t\t<\/div>\n\t\t<\/div>\n\t\t\t\t\t<\/div>\n\t\t<\/section>\n\t\t\t\t\t<\/div>\n\t\t<\/div>\n\t\t\t\t\t<\/div>\n\t\t<\/section>\n\t\t\t\t<\/div>\n\t\t","protected":false},"excerpt":{"rendered":"<p>Levantamientos batim\u00e9tricos Home Servicios Levantamiento batim\u00e9trico. R\u00edo Daule, Ecuador Levantamientos batim\u00e9tricos Un estudio batim\u00e9trico es el levantamiento geomorfol\u00f3gico realizado en el fondo de los cuerpos de agua, ya sean lagos, embalses, mares, r\u00edos, etc. Este tipo de estudios se hacen con el fin de analizar posibilidades de navegaci\u00f3n, calcular vol\u00famenes de agua, inspeccionar elementos sumergidos, [&hellip;]<\/p>\n","protected":false},"author":1,"featured_media":0,"parent":0,"menu_order":0,"comment_status":"closed","ping_status":"closed","template":"elementor_header_footer","meta":{"site-sidebar-layout":"no-sidebar","site-content-layout":"page-builder","ast-site-content-layout":"default","site-content-style":"default","site-sidebar-style":"default","ast-global-header-display":"","ast-banner-title-visibility":"","ast-main-header-display":"","ast-hfb-above-header-display":"","ast-hfb-below-header-display":"","ast-hfb-mobile-header-display":"","site-post-title":"disabled","ast-breadcrumbs-content":"","ast-featured-img":"disabled","footer-sml-layout":"","theme-transparent-header-meta":"","adv-header-id-meta":"","stick-header-meta":"","header-above-stick-meta":"","header-main-stick-meta":"","header-below-stick-meta":"","astra-migrate-meta-layouts":"default","ast-page-background-enabled":"default","ast-page-background-meta":{"desktop":{"background-color":"var(--ast-global-color-4)","background-image":"","background-repeat":"repeat","background-position":"center center","background-size":"auto","background-attachment":"scroll","background-type":"","background-media":"","overlay-type":"","overlay-color":"","overlay-opacity":"","overlay-gradient":""},"tablet":{"background-color":"","background-image":"","background-repeat":"repeat","background-position":"center center","background-size":"auto","background-attachment":"scroll","background-type":"","background-media":"","overlay-type":"","overlay-color":"","overlay-opacity":"","overlay-gradient":""},"mobile":{"background-color":"","background-image":"","background-repeat":"repeat","background-position":"center center","background-size":"auto","background-attachment":"scroll","background-type":"","background-media":"","overlay-type":"","overlay-color":"","overlay-opacity":"","overlay-gradient":""}},"ast-content-background-meta":{"desktop":{"background-color":"var(--ast-global-color-5)","background-image":"","background-repeat":"repeat","background-position":"center center","background-size":"auto","background-attachment":"scroll","background-type":"","background-media":"","overlay-type":"","overlay-color":"","overlay-opacity":"","overlay-gradient":""},"tablet":{"background-color":"var(--ast-global-color-5)","background-image":"","background-repeat":"repeat","background-position":"center center","background-size":"auto","background-attachment":"scroll","background-type":"","background-media":"","overlay-type":"","overlay-color":"","overlay-opacity":"","overlay-gradient":""},"mobile":{"background-color":"var(--ast-global-color-5)","background-image":"","background-repeat":"repeat","background-position":"center center","background-size":"auto","background-attachment":"scroll","background-type":"","background-media":"","overlay-type":"","overlay-color":"","overlay-opacity":"","overlay-gradient":""}},"footnotes":""},"class_list":["post-171","page","type-page","status-publish","hentry"],"_links":{"self":[{"href":"https:\/\/batimetria.com.co\/index.php\/wp-json\/wp\/v2\/pages\/171","targetHints":{"allow":["GET"]}}],"collection":[{"href":"https:\/\/batimetria.com.co\/index.php\/wp-json\/wp\/v2\/pages"}],"about":[{"href":"https:\/\/batimetria.com.co\/index.php\/wp-json\/wp\/v2\/types\/page"}],"author":[{"embeddable":true,"href":"https:\/\/batimetria.com.co\/index.php\/wp-json\/wp\/v2\/users\/1"}],"replies":[{"embeddable":true,"href":"https:\/\/batimetria.com.co\/index.php\/wp-json\/wp\/v2\/comments?post=171"}],"version-history":[{"count":19,"href":"https:\/\/batimetria.com.co\/index.php\/wp-json\/wp\/v2\/pages\/171\/revisions"}],"predecessor-version":[{"id":1156,"href":"https:\/\/batimetria.com.co\/index.php\/wp-json\/wp\/v2\/pages\/171\/revisions\/1156"}],"wp:attachment":[{"href":"https:\/\/batimetria.com.co\/index.php\/wp-json\/wp\/v2\/media?parent=171"}],"curies":[{"name":"wp","href":"https:\/\/api.w.org\/{rel}","templated":true}]}}